{"id":16761,"date":"2025-02-11T13:37:12","date_gmt":"2025-02-11T11:37:12","guid":{"rendered":"https:\/\/military-classic-auction.com\/?post_type=product&#038;p=16761"},"modified":"2025-02-22T10:10:47","modified_gmt":"2025-02-22T08:10:47","slug":"casquette-de-sous-officier-luftwaffe-5","status":"publish","type":"product","link":"https:\/\/military-classic-auction.com\/en\/product\/casquette-de-sous-officier-luftwaffe-5\/","title":{"rendered":"Casquette de sous officier &#8211; Luftwaffe"},"content":{"rendered":"<p>Casquette de sous officier &#8211; Luftwaffe<br \/>\nLiser\u00e9 bleu : Service de Sant\u00e9<br \/>\nFabrication : Burgmayer<br \/>\nVisi\u00e8re recousue<br \/>\n(En l&rsquo;\u00e9tat, usures, trous)<br \/>\n&#8211;<br \/>\nNCO cap &#8211; Luftwaffe<br \/>\nBlue piping: Health Service<br \/>\nManufacture: Burgmayer<br \/>\nVisor sewn back on<br \/>\n(As is, wear, holes)<\/p>","protected":false},"excerpt":{"rendered":"<p>Casquette de sous officier &#8211; Luftwaffe Liser\u00e9 bleu : Service de Sant\u00e9 Fabrication : Burgmayer Visi\u00e8re recousue (En l&rsquo;\u00e9tat, usures, trous) &#8211; NCO cap &#8211; Luftwaffe Blue piping: Health Service Manufacture: Burgmayer Visor sewn back on (As is, wear, holes)<\/p>","protected":false},"featured_media":15375,"template":"","meta":[],"product_brand":[],"product_cat":[77],"product_tag":[],"class_list":{"0":"post-16761","1":"product","2":"type-product","3":"status-publish","4":"has-post-thumbnail","6":"product_cat-coiffes-dagues-du-reich-2025-02","8":"first","9":"instock","10":"sold-individually","11":"purchasable","12":"product-type-auction"},"aioseo_notices":[],"_links":{"self":[{"href":"https:\/\/military-classic-auction.com\/en\/wp-json\/wp\/v2\/product\/16761","targetHints":{"allow":["GET"]}}],"collection":[{"href":"https:\/\/military-classic-auction.com\/en\/wp-json\/wp\/v2\/product"}],"about":[{"href":"https:\/\/military-classic-auction.com\/en\/wp-json\/wp\/v2\/types\/product"}],"wp:featuredmedia":[{"embeddable":true,"href":"https:\/\/military-classic-auction.com\/en\/wp-json\/wp\/v2\/media\/15375"}],"wp:attachment":[{"href":"https:\/\/military-classic-auction.com\/en\/wp-json\/wp\/v2\/media?parent=16761"}],"wp:term":[{"taxonomy":"product_brand","embeddable":true,"href":"https:\/\/military-classic-auction.com\/en\/wp-json\/wp\/v2\/product_brand?post=16761"},{"taxonomy":"product_cat","embeddable":true,"href":"https:\/\/military-classic-auction.com\/en\/wp-json\/wp\/v2\/product_cat?post=16761"},{"taxonomy":"product_tag","embeddable":true,"href":"https:\/\/military-classic-auction.com\/en\/wp-json\/wp\/v2\/product_tag?post=16761"}],"curies":[{"name":"wp","href":"https:\/\/api.w.org\/{rel}","templated":true}]}}