{"id":16759,"date":"2025-02-11T13:37:08","date_gmt":"2025-02-11T11:37:08","guid":{"rendered":"https:\/\/military-classic-auction.com\/?post_type=product&#038;p=16759"},"modified":"2025-02-22T10:57:50","modified_gmt":"2025-02-22T08:57:50","slug":"casquette-de-sous-officier-luftwaffe-4","status":"publish","type":"product","link":"https:\/\/military-classic-auction.com\/en\/product\/casquette-de-sous-officier-luftwaffe-4\/","title":{"rendered":"Casquette de sous officier &#8211; Luftwaffe"},"content":{"rendered":"<p>Casquette de sous officier &#8211; Luftwaffe<br \/>\nFabrication : SonderKlasse Deutsche Wertarbeit<br \/>\nLis\u00e9r\u00e9 brun correspondant au service des transmissions.<br \/>\n(En l&rsquo;\u00e9tat, usures, trous)<br \/>\n&#8211;<br \/>\nNCO cap &#8211; Luftwaffe<br \/>\nManufacture: SonderKlasse Deutsche Wertarbeit<br \/>\nBrown piping corresponding to the signals department.<br \/>\n(As is, wear, holes)<\/p>","protected":false},"excerpt":{"rendered":"<p>Casquette de sous officier &#8211; Luftwaffe Fabrication : SonderKlasse Deutsche Wertarbeit Lis\u00e9r\u00e9 brun correspondant au service des transmissions. (En l&rsquo;\u00e9tat, usures, trous) &#8211; NCO cap &#8211; Luftwaffe Manufacture: SonderKlasse Deutsche Wertarbeit Brown piping corresponding to the signals department. (As is, wear, holes)<\/p>","protected":false},"featured_media":15350,"template":"","meta":[],"product_brand":[],"product_cat":[77],"product_tag":[],"class_list":{"0":"post-16759","1":"product","2":"type-product","3":"status-publish","4":"has-post-thumbnail","6":"product_cat-coiffes-dagues-du-reich-2025-02","8":"first","9":"instock","10":"sold-individually","11":"purchasable","12":"product-type-auction"},"aioseo_notices":[],"_links":{"self":[{"href":"https:\/\/military-classic-auction.com\/en\/wp-json\/wp\/v2\/product\/16759","targetHints":{"allow":["GET"]}}],"collection":[{"href":"https:\/\/military-classic-auction.com\/en\/wp-json\/wp\/v2\/product"}],"about":[{"href":"https:\/\/military-classic-auction.com\/en\/wp-json\/wp\/v2\/types\/product"}],"wp:featuredmedia":[{"embeddable":true,"href":"https:\/\/military-classic-auction.com\/en\/wp-json\/wp\/v2\/media\/15350"}],"wp:attachment":[{"href":"https:\/\/military-classic-auction.com\/en\/wp-json\/wp\/v2\/media?parent=16759"}],"wp:term":[{"taxonomy":"product_brand","embeddable":true,"href":"https:\/\/military-classic-auction.com\/en\/wp-json\/wp\/v2\/product_brand?post=16759"},{"taxonomy":"product_cat","embeddable":true,"href":"https:\/\/military-classic-auction.com\/en\/wp-json\/wp\/v2\/product_cat?post=16759"},{"taxonomy":"product_tag","embeddable":true,"href":"https:\/\/military-classic-auction.com\/en\/wp-json\/wp\/v2\/product_tag?post=16759"}],"curies":[{"name":"wp","href":"https:\/\/api.w.org\/{rel}","templated":true}]}}