{"id":16757,"date":"2025-02-11T13:37:03","date_gmt":"2025-02-11T11:37:03","guid":{"rendered":"https:\/\/military-classic-auction.com\/?post_type=product&#038;p=16757"},"modified":"2025-02-11T13:37:05","modified_gmt":"2025-02-11T11:37:05","slug":"casquette-de-sous-officier-luftwaffe-3","status":"publish","type":"product","link":"https:\/\/military-classic-auction.com\/en\/product\/casquette-de-sous-officier-luftwaffe-3\/","title":{"rendered":"Casquette de sous officier &#8211; Luftwaffe"},"content":{"rendered":"<p>Casquette de sous officier &#8211; Luftwaffe<br \/>\nMod\u00e8le \u00e9t\u00e9 avec coiffe blanche amovible.<br \/>\nFabrication : EREL<br \/>\nLiser\u00e9 jaune pour personnel volant (pilotes, parachutistes)<br \/>\n(En l&rsquo;\u00e9tat, usures, manques, bandeau cuir d\u00e9chir\u00e9)<br \/>\n&#8211;<br \/>\nNCO cap &#8211; Luftwaffe<br \/>\nSummer model with removable white cap.<br \/>\nManufactured by: EREL<br \/>\nYellow piping for flying personnel (pilots, paratroopers)<br \/>\n(As is, worn, missing, leather headband torn)<\/p>","protected":false},"excerpt":{"rendered":"<p>Casquette de sous officier &#8211; Luftwaffe Mod\u00e8le \u00e9t\u00e9 avec coiffe blanche amovible. Fabrication : EREL Liser\u00e9 jaune pour personnel volant (pilotes, parachutistes) (En l&rsquo;\u00e9tat, usures, manques, bandeau cuir d\u00e9chir\u00e9) &#8211; NCO cap &#8211; Luftwaffe Summer model with removable white cap. Manufactured by: EREL Yellow piping for flying personnel (pilots, paratroopers) (As is, worn, missing, leather<a class=\"more-link\" href=\"https:\/\/military-classic-auction.com\/en\/product\/casquette-de-sous-officier-luftwaffe-3\/\">Read more  &#10230;<\/a><\/p>","protected":false},"featured_media":15322,"template":"","meta":[],"product_brand":[],"product_cat":[77],"product_tag":[],"class_list":{"0":"post-16757","1":"product","2":"type-product","3":"status-publish","4":"has-post-thumbnail","6":"product_cat-coiffes-dagues-du-reich-2025-02","8":"first","9":"instock","10":"sold-individually","11":"purchasable","12":"product-type-auction"},"aioseo_notices":[],"_links":{"self":[{"href":"https:\/\/military-classic-auction.com\/en\/wp-json\/wp\/v2\/product\/16757","targetHints":{"allow":["GET"]}}],"collection":[{"href":"https:\/\/military-classic-auction.com\/en\/wp-json\/wp\/v2\/product"}],"about":[{"href":"https:\/\/military-classic-auction.com\/en\/wp-json\/wp\/v2\/types\/product"}],"wp:featuredmedia":[{"embeddable":true,"href":"https:\/\/military-classic-auction.com\/en\/wp-json\/wp\/v2\/media\/15322"}],"wp:attachment":[{"href":"https:\/\/military-classic-auction.com\/en\/wp-json\/wp\/v2\/media?parent=16757"}],"wp:term":[{"taxonomy":"product_brand","embeddable":true,"href":"https:\/\/military-classic-auction.com\/en\/wp-json\/wp\/v2\/product_brand?post=16757"},{"taxonomy":"product_cat","embeddable":true,"href":"https:\/\/military-classic-auction.com\/en\/wp-json\/wp\/v2\/product_cat?post=16757"},{"taxonomy":"product_tag","embeddable":true,"href":"https:\/\/military-classic-auction.com\/en\/wp-json\/wp\/v2\/product_tag?post=16757"}],"curies":[{"name":"wp","href":"https:\/\/api.w.org\/{rel}","templated":true}]}}