{"id":16756,"date":"2025-02-11T13:37:00","date_gmt":"2025-02-11T11:37:00","guid":{"rendered":"https:\/\/military-classic-auction.com\/?post_type=product&#038;p=16756"},"modified":"2025-02-11T13:37:02","modified_gmt":"2025-02-11T11:37:02","slug":"dague-dofficier-luftwaffe-prototype-2","status":"publish","type":"product","link":"https:\/\/military-classic-auction.com\/en\/product\/dague-dofficier-luftwaffe-prototype-2\/","title":{"rendered":"Dague d&rsquo;officier Luftwaffe \u00ab\u00a0Prototype\u00a0\u00bb"},"content":{"rendered":"<p>Dague d&rsquo;officier Luftwaffe \u00ab\u00a0Prototype\u00a0\u00bb<br \/>\nTr\u00e8s Rare dague de pr\u00e9sentation pour validation d&rsquo;un type non retenu par le Mar\u00e9chal Hermann G\u00f6ring<br \/>\nFabrication : \u00ab\u00a0Paul Weyersberg &#038; Co. Berlin.\u00a0\u00bb<br \/>\nFourreau avec d\u00e9cor de feuilles de ch\u00eane.<br \/>\nTaille de la Lame : 25,5cm.<br \/>\n(En l&rsquo;\u00e9tat, usures)<br \/>\n&#8211;<br \/>\nLuftwaffe officer&rsquo;s dagger \u00ab\u00a0Prototype\u00a0\u00bb<br \/>\nVery rare presentation dagger for validation of a type not retained by Marshal Hermann G\u00f6ring<br \/>\nManufactured: \u00ab\u00a0Paul Weyersberg &#038; Co. Berlin.\u00a0\u00bb<br \/>\nScabbard with oak leaf decoration.<br \/>\nBlade size: 10&Prime;<br \/>\n(As is, wear)<\/p>","protected":false},"excerpt":{"rendered":"<p>Dague d&rsquo;officier Luftwaffe \u00ab\u00a0Prototype\u00a0\u00bb Tr\u00e8s Rare dague de pr\u00e9sentation pour validation d&rsquo;un type non retenu par le Mar\u00e9chal Hermann G\u00f6ring Fabrication : \u00ab\u00a0Paul Weyersberg &#038; Co. Berlin.\u00a0\u00bb Fourreau avec d\u00e9cor de feuilles de ch\u00eane. Taille de la Lame : 25,5cm. (En l&rsquo;\u00e9tat, usures) &#8211; Luftwaffe officer&rsquo;s dagger \u00ab\u00a0Prototype\u00a0\u00bb Very rare presentation dagger for validation of<a class=\"more-link\" href=\"https:\/\/military-classic-auction.com\/en\/product\/dague-dofficier-luftwaffe-prototype-2\/\">Read more  &#10230;<\/a><\/p>","protected":false},"featured_media":15308,"template":"","meta":[],"product_brand":[],"product_cat":[77],"product_tag":[],"class_list":{"0":"post-16756","1":"product","2":"type-product","3":"status-publish","4":"has-post-thumbnail","6":"product_cat-coiffes-dagues-du-reich-2025-02","8":"first","9":"instock","10":"sold-individually","11":"purchasable","12":"product-type-auction"},"aioseo_notices":[],"_links":{"self":[{"href":"https:\/\/military-classic-auction.com\/en\/wp-json\/wp\/v2\/product\/16756","targetHints":{"allow":["GET"]}}],"collection":[{"href":"https:\/\/military-classic-auction.com\/en\/wp-json\/wp\/v2\/product"}],"about":[{"href":"https:\/\/military-classic-auction.com\/en\/wp-json\/wp\/v2\/types\/product"}],"wp:featuredmedia":[{"embeddable":true,"href":"https:\/\/military-classic-auction.com\/en\/wp-json\/wp\/v2\/media\/15308"}],"wp:attachment":[{"href":"https:\/\/military-classic-auction.com\/en\/wp-json\/wp\/v2\/media?parent=16756"}],"wp:term":[{"taxonomy":"product_brand","embeddable":true,"href":"https:\/\/military-classic-auction.com\/en\/wp-json\/wp\/v2\/product_brand?post=16756"},{"taxonomy":"product_cat","embeddable":true,"href":"https:\/\/military-classic-auction.com\/en\/wp-json\/wp\/v2\/product_cat?post=16756"},{"taxonomy":"product_tag","embeddable":true,"href":"https:\/\/military-classic-auction.com\/en\/wp-json\/wp\/v2\/product_tag?post=16756"}],"curies":[{"name":"wp","href":"https:\/\/api.w.org\/{rel}","templated":true}]}}