{"id":16754,"date":"2025-02-11T13:36:55","date_gmt":"2025-02-11T11:36:55","guid":{"rendered":"https:\/\/military-classic-auction.com\/?post_type=product&#038;p=16754"},"modified":"2025-02-21T12:14:43","modified_gmt":"2025-02-21T10:14:43","slug":"casquette-de-sous-officier-luftwaffe","status":"publish","type":"product","link":"https:\/\/military-classic-auction.com\/en\/product\/casquette-de-sous-officier-luftwaffe\/","title":{"rendered":"Casquette de sous officier &#8211; Luftwaffe"},"content":{"rendered":"<p>Casquette de sous officier &#8211; Luftwaffe<br \/>\nFabrication : Carl Halfar &#8211; Berlin<br \/>\nTaille : 56 1\/2<br \/>\nLis\u00e9r\u00e9 brun correspondant au service des transmissions.<br \/>\n(En l&rsquo;\u00e9tat, usures, bandeau cuir d\u00e9cousu par endroit)<br \/>\n&#8211;<br \/>\nNCO cap &#8211; Luftwaffe<br \/>\nManufacture: Carl Halfar &#8211; Berlin<br \/>\nSize: 56 1\/2<br \/>\nBrown piping corresponding to the signals department.<br \/>\n(As is, wear and tear, leather headband detached in places).<\/p>","protected":false},"excerpt":{"rendered":"<p>Casquette de sous officier &#8211; Luftwaffe Fabrication : Carl Halfar &#8211; Berlin Taille : 56 1\/2 Lis\u00e9r\u00e9 brun correspondant au service des transmissions. (En l&rsquo;\u00e9tat, usures, bandeau cuir d\u00e9cousu par endroit) &#8211; NCO cap &#8211; Luftwaffe Manufacture: Carl Halfar &#8211; Berlin Size: 56 1\/2 Brown piping corresponding to the signals department. (As is, wear and<a class=\"more-link\" href=\"https:\/\/military-classic-auction.com\/en\/product\/casquette-de-sous-officier-luftwaffe\/\">Read more  &#10230;<\/a><\/p>","protected":false},"featured_media":15280,"template":"","meta":[],"product_brand":[],"product_cat":[77],"product_tag":[],"class_list":{"0":"post-16754","1":"product","2":"type-product","3":"status-publish","4":"has-post-thumbnail","6":"product_cat-coiffes-dagues-du-reich-2025-02","8":"first","9":"instock","10":"sold-individually","11":"purchasable","12":"product-type-auction"},"aioseo_notices":[],"_links":{"self":[{"href":"https:\/\/military-classic-auction.com\/en\/wp-json\/wp\/v2\/product\/16754","targetHints":{"allow":["GET"]}}],"collection":[{"href":"https:\/\/military-classic-auction.com\/en\/wp-json\/wp\/v2\/product"}],"about":[{"href":"https:\/\/military-classic-auction.com\/en\/wp-json\/wp\/v2\/types\/product"}],"wp:featuredmedia":[{"embeddable":true,"href":"https:\/\/military-classic-auction.com\/en\/wp-json\/wp\/v2\/media\/15280"}],"wp:attachment":[{"href":"https:\/\/military-classic-auction.com\/en\/wp-json\/wp\/v2\/media?parent=16754"}],"wp:term":[{"taxonomy":"product_brand","embeddable":true,"href":"https:\/\/military-classic-auction.com\/en\/wp-json\/wp\/v2\/product_brand?post=16754"},{"taxonomy":"product_cat","embeddable":true,"href":"https:\/\/military-classic-auction.com\/en\/wp-json\/wp\/v2\/product_cat?post=16754"},{"taxonomy":"product_tag","embeddable":true,"href":"https:\/\/military-classic-auction.com\/en\/wp-json\/wp\/v2\/product_tag?post=16754"}],"curies":[{"name":"wp","href":"https:\/\/api.w.org\/{rel}","templated":true}]}}