{"id":16752,"date":"2025-02-11T13:36:50","date_gmt":"2025-02-11T11:36:50","guid":{"rendered":"https:\/\/military-classic-auction.com\/?post_type=product&#038;p=16752"},"modified":"2025-02-21T12:12:07","modified_gmt":"2025-02-21T10:12:07","slug":"casquette-dofficier-kriegsmarine","status":"publish","type":"product","link":"https:\/\/military-classic-auction.com\/en\/product\/casquette-dofficier-kriegsmarine\/","title":{"rendered":"Casquette d&rsquo;officier &#8211; Kriegsmarine"},"content":{"rendered":"<p>Casquette d&rsquo;officier &#8211; Kriegsmarine<br \/>\nFabrication : FEINSTES<br \/>\nTaille : 59<br \/>\nJugulaire d&rsquo;officier ajout\u00e9e post\u00e9rieurement.<br \/>\n(En l&rsquo;\u00e9tat, usures)<br \/>\n&#8211;<br \/>\nOfficer&rsquo;s cap &#8211; Kriegsmarine<br \/>\nManufacture: FEINSTES<br \/>\nSize : 59<br \/>\nOfficer&rsquo;s chinstrap added later.<br \/>\n(As is, wear)<\/p>","protected":false},"excerpt":{"rendered":"<p>Casquette d&rsquo;officier &#8211; Kriegsmarine Fabrication : FEINSTES Taille : 59 Jugulaire d&rsquo;officier ajout\u00e9e post\u00e9rieurement. (En l&rsquo;\u00e9tat, usures) &#8211; Officer&rsquo;s cap &#8211; Kriegsmarine Manufacture: FEINSTES Size : 59 Officer&rsquo;s chinstrap added later. (As is, wear)<\/p>","protected":false},"featured_media":15252,"template":"","meta":[],"product_brand":[],"product_cat":[77],"product_tag":[],"class_list":{"0":"post-16752","1":"product","2":"type-product","3":"status-publish","4":"has-post-thumbnail","6":"product_cat-coiffes-dagues-du-reich-2025-02","8":"first","9":"instock","10":"sold-individually","11":"purchasable","12":"product-type-auction"},"aioseo_notices":[],"_links":{"self":[{"href":"https:\/\/military-classic-auction.com\/en\/wp-json\/wp\/v2\/product\/16752","targetHints":{"allow":["GET"]}}],"collection":[{"href":"https:\/\/military-classic-auction.com\/en\/wp-json\/wp\/v2\/product"}],"about":[{"href":"https:\/\/military-classic-auction.com\/en\/wp-json\/wp\/v2\/types\/product"}],"wp:featuredmedia":[{"embeddable":true,"href":"https:\/\/military-classic-auction.com\/en\/wp-json\/wp\/v2\/media\/15252"}],"wp:attachment":[{"href":"https:\/\/military-classic-auction.com\/en\/wp-json\/wp\/v2\/media?parent=16752"}],"wp:term":[{"taxonomy":"product_brand","embeddable":true,"href":"https:\/\/military-classic-auction.com\/en\/wp-json\/wp\/v2\/product_brand?post=16752"},{"taxonomy":"product_cat","embeddable":true,"href":"https:\/\/military-classic-auction.com\/en\/wp-json\/wp\/v2\/product_cat?post=16752"},{"taxonomy":"product_tag","embeddable":true,"href":"https:\/\/military-classic-auction.com\/en\/wp-json\/wp\/v2\/product_tag?post=16752"}],"curies":[{"name":"wp","href":"https:\/\/api.w.org\/{rel}","templated":true}]}}