{"id":16745,"date":"2025-02-11T13:36:35","date_gmt":"2025-02-11T11:36:35","guid":{"rendered":"https:\/\/military-classic-auction.com\/?post_type=product&#038;p=16745"},"modified":"2025-02-21T12:06:48","modified_gmt":"2025-02-21T10:06:48","slug":"casquette-dofficier-wehrmacht","status":"publish","type":"product","link":"https:\/\/military-classic-auction.com\/en\/product\/casquette-dofficier-wehrmacht\/","title":{"rendered":"Casquette d&rsquo;officier &#8211; Wehrmacht"},"content":{"rendered":"<p>Casquette d&rsquo;officier &#8211; Wehrmacht<br \/>\nLiser\u00e9 vert (Panzergrenadiers ou troupes de montagnes)<br \/>\nMarquage \u00ab\u00a0Deutches Leder\u00a0\u00bb sur bandeau.<br \/>\nAigle cannetille l\u00e9g\u00e8rement d\u00e9cousu.<br \/>\n(En l&rsquo;\u00e9tat, usures, trous de mites)<br \/>\n&#8211;<br \/>\nOfficer&rsquo;s cap &#8211; Wehrmacht<br \/>\nGreen piping (Panzergrenadiers or mountain troops)<br \/>\nDeutches Leder\u00a0\u00bb marking on headband.<br \/>\nSlightly faded cannetille eagle.<br \/>\n(As is, wear, moth holes).<\/p>","protected":false},"excerpt":{"rendered":"<p>Casquette d&rsquo;officier &#8211; Wehrmacht Liser\u00e9 vert (Panzergrenadiers ou troupes de montagnes) Marquage \u00ab\u00a0Deutches Leder\u00a0\u00bb sur bandeau. Aigle cannetille l\u00e9g\u00e8rement d\u00e9cousu. (En l&rsquo;\u00e9tat, usures, trous de mites) &#8211; Officer&rsquo;s cap &#8211; Wehrmacht Green piping (Panzergrenadiers or mountain troops) Deutches Leder\u00a0\u00bb marking on headband. Slightly faded cannetille eagle. (As is, wear, moth holes).<\/p>","protected":false},"featured_media":15162,"template":"","meta":[],"product_brand":[],"product_cat":[77],"product_tag":[],"class_list":{"0":"post-16745","1":"product","2":"type-product","3":"status-publish","4":"has-post-thumbnail","6":"product_cat-coiffes-dagues-du-reich-2025-02","8":"first","9":"instock","10":"sold-individually","11":"purchasable","12":"product-type-auction"},"aioseo_notices":[],"_links":{"self":[{"href":"https:\/\/military-classic-auction.com\/en\/wp-json\/wp\/v2\/product\/16745","targetHints":{"allow":["GET"]}}],"collection":[{"href":"https:\/\/military-classic-auction.com\/en\/wp-json\/wp\/v2\/product"}],"about":[{"href":"https:\/\/military-classic-auction.com\/en\/wp-json\/wp\/v2\/types\/product"}],"wp:featuredmedia":[{"embeddable":true,"href":"https:\/\/military-classic-auction.com\/en\/wp-json\/wp\/v2\/media\/15162"}],"wp:attachment":[{"href":"https:\/\/military-classic-auction.com\/en\/wp-json\/wp\/v2\/media?parent=16745"}],"wp:term":[{"taxonomy":"product_brand","embeddable":true,"href":"https:\/\/military-classic-auction.com\/en\/wp-json\/wp\/v2\/product_brand?post=16745"},{"taxonomy":"product_cat","embeddable":true,"href":"https:\/\/military-classic-auction.com\/en\/wp-json\/wp\/v2\/product_cat?post=16745"},{"taxonomy":"product_tag","embeddable":true,"href":"https:\/\/military-classic-auction.com\/en\/wp-json\/wp\/v2\/product_tag?post=16745"}],"curies":[{"name":"wp","href":"https:\/\/api.w.org\/{rel}","templated":true}]}}