{"id":16741,"date":"2025-02-11T13:36:24","date_gmt":"2025-02-11T11:36:24","guid":{"rendered":"https:\/\/military-classic-auction.com\/?post_type=product&#038;p=16741"},"modified":"2025-02-22T07:09:20","modified_gmt":"2025-02-22T05:09:20","slug":"casquette-de-sous-officier-artillerie-wehrmacht","status":"publish","type":"product","link":"https:\/\/military-classic-auction.com\/en\/product\/casquette-de-sous-officier-artillerie-wehrmacht\/","title":{"rendered":"Casquette de sous officier &#8211; Artillerie &#8211; Wehrmacht"},"content":{"rendered":"<p>Casquette de sous officier &#8211; Artillerie &#8211; Wehrmacht<br \/>\nLiser\u00e9 rouge<br \/>\nMarquage fabricant sous bandeau cuir.<br \/>\nDat\u00e9e 1938<br \/>\nTaille : 56<br \/>\nAigle cass\u00e9.<br \/>\n(En l&rsquo;\u00e9tat, usures)<br \/>\n&#8211;<br \/>\nNCO cap &#8211; Artillery &#8211; Wehrmacht<br \/>\nRed piping<br \/>\nManufacturer&rsquo;s markings under leather headband.<br \/>\nDated 1938<br \/>\nSize : 56<br \/>\nBroken eagle.<br \/>\n(As is, wear)<\/p>","protected":false},"excerpt":{"rendered":"<p>Casquette de sous officier &#8211; Artillerie &#8211; Wehrmacht Liser\u00e9 rouge Marquage fabricant sous bandeau cuir. Dat\u00e9e 1938 Taille : 56 Aigle cass\u00e9. (En l&rsquo;\u00e9tat, usures) &#8211; NCO cap &#8211; Artillery &#8211; Wehrmacht Red piping Manufacturer&rsquo;s markings under leather headband. Dated 1938 Size : 56 Broken eagle. (As is, wear)<\/p>","protected":false},"featured_media":15110,"template":"","meta":[],"product_brand":[],"product_cat":[77],"product_tag":[],"class_list":{"0":"post-16741","1":"product","2":"type-product","3":"status-publish","4":"has-post-thumbnail","6":"product_cat-coiffes-dagues-du-reich-2025-02","8":"first","9":"instock","10":"sold-individually","11":"purchasable","12":"product-type-auction"},"aioseo_notices":[],"_links":{"self":[{"href":"https:\/\/military-classic-auction.com\/en\/wp-json\/wp\/v2\/product\/16741","targetHints":{"allow":["GET"]}}],"collection":[{"href":"https:\/\/military-classic-auction.com\/en\/wp-json\/wp\/v2\/product"}],"about":[{"href":"https:\/\/military-classic-auction.com\/en\/wp-json\/wp\/v2\/types\/product"}],"wp:featuredmedia":[{"embeddable":true,"href":"https:\/\/military-classic-auction.com\/en\/wp-json\/wp\/v2\/media\/15110"}],"wp:attachment":[{"href":"https:\/\/military-classic-auction.com\/en\/wp-json\/wp\/v2\/media?parent=16741"}],"wp:term":[{"taxonomy":"product_brand","embeddable":true,"href":"https:\/\/military-classic-auction.com\/en\/wp-json\/wp\/v2\/product_brand?post=16741"},{"taxonomy":"product_cat","embeddable":true,"href":"https:\/\/military-classic-auction.com\/en\/wp-json\/wp\/v2\/product_cat?post=16741"},{"taxonomy":"product_tag","embeddable":true,"href":"https:\/\/military-classic-auction.com\/en\/wp-json\/wp\/v2\/product_tag?post=16741"}],"curies":[{"name":"wp","href":"https:\/\/api.w.org\/{rel}","templated":true}]}}