{"id":16739,"date":"2025-02-11T13:36:20","date_gmt":"2025-02-11T11:36:20","guid":{"rendered":"https:\/\/military-classic-auction.com\/?post_type=product&#038;p=16739"},"modified":"2025-02-22T10:38:35","modified_gmt":"2025-02-22T08:38:35","slug":"casquette-de-sous-officier-wehrmacht","status":"publish","type":"product","link":"https:\/\/military-classic-auction.com\/en\/product\/casquette-de-sous-officier-wehrmacht\/","title":{"rendered":"Casquette de sous officier &#8211; Wehrmacht"},"content":{"rendered":"<p>Casquette de sous officier &#8211; Wehrmacht<br \/>\nLiser\u00e9 blanc pour l&rsquo;infanterie.<br \/>\nFabrication : W.Wethekam &#8211; Dresden<br \/>\nDat\u00e9e 1934<br \/>\nR\u00e9giment\u00e9e sous bandeau cuir.<br \/>\nAigle, jugulaire &#038; fixations de jugulaire manquants.<br \/>\n(En l&rsquo;\u00e9tat, usures, trous, l\u00e9chures de mites)<br \/>\n&#8211;<br \/>\nNCO cap &#8211; Wehrmacht<br \/>\nWhite piping for infantry.<br \/>\nManufactured by: W.Wethekam &#8211; Dresden<br \/>\nDated 1934<br \/>\nRegimented under leather headband.<br \/>\nMissing eagle, chinstrap &#038; chinstrap fasteners.<br \/>\n(As is, wear, holes, moth damage).<\/p>","protected":false},"excerpt":{"rendered":"<p>Casquette de sous officier &#8211; Wehrmacht Liser\u00e9 blanc pour l&rsquo;infanterie. Fabrication : W.Wethekam &#8211; Dresden Dat\u00e9e 1934 R\u00e9giment\u00e9e sous bandeau cuir. Aigle, jugulaire &#038; fixations de jugulaire manquants. (En l&rsquo;\u00e9tat, usures, trous, l\u00e9chures de mites) &#8211; NCO cap &#8211; Wehrmacht White piping for infantry. Manufactured by: W.Wethekam &#8211; Dresden Dated 1934 Regimented under leather headband.<a class=\"more-link\" href=\"https:\/\/military-classic-auction.com\/en\/product\/casquette-de-sous-officier-wehrmacht\/\">Read more  &#10230;<\/a><\/p>","protected":false},"featured_media":15088,"template":"","meta":[],"product_brand":[],"product_cat":[77],"product_tag":[],"class_list":{"0":"post-16739","1":"product","2":"type-product","3":"status-publish","4":"has-post-thumbnail","6":"product_cat-coiffes-dagues-du-reich-2025-02","8":"first","9":"instock","10":"sold-individually","11":"purchasable","12":"product-type-auction"},"aioseo_notices":[],"_links":{"self":[{"href":"https:\/\/military-classic-auction.com\/en\/wp-json\/wp\/v2\/product\/16739","targetHints":{"allow":["GET"]}}],"collection":[{"href":"https:\/\/military-classic-auction.com\/en\/wp-json\/wp\/v2\/product"}],"about":[{"href":"https:\/\/military-classic-auction.com\/en\/wp-json\/wp\/v2\/types\/product"}],"wp:featuredmedia":[{"embeddable":true,"href":"https:\/\/military-classic-auction.com\/en\/wp-json\/wp\/v2\/media\/15088"}],"wp:attachment":[{"href":"https:\/\/military-classic-auction.com\/en\/wp-json\/wp\/v2\/media?parent=16739"}],"wp:term":[{"taxonomy":"product_brand","embeddable":true,"href":"https:\/\/military-classic-auction.com\/en\/wp-json\/wp\/v2\/product_brand?post=16739"},{"taxonomy":"product_cat","embeddable":true,"href":"https:\/\/military-classic-auction.com\/en\/wp-json\/wp\/v2\/product_cat?post=16739"},{"taxonomy":"product_tag","embeddable":true,"href":"https:\/\/military-classic-auction.com\/en\/wp-json\/wp\/v2\/product_tag?post=16739"}],"curies":[{"name":"wp","href":"https:\/\/api.w.org\/{rel}","templated":true}]}}