{"id":16738,"date":"2025-02-11T13:36:18","date_gmt":"2025-02-11T11:36:18","guid":{"rendered":"https:\/\/military-classic-auction.com\/?post_type=product&#038;p=16738"},"modified":"2025-02-21T19:26:50","modified_gmt":"2025-02-21T17:26:50","slug":"casquette-de-sous-officier-panzer-wehrmacht","status":"publish","type":"product","link":"https:\/\/military-classic-auction.com\/en\/product\/casquette-de-sous-officier-panzer-wehrmacht\/","title":{"rendered":"Casquette de sous officier Panzer &#8211; Wehrmacht"},"content":{"rendered":"<p>Casquette de sous officier Panzer &#8211; Wehrmacht<br \/>\nMarquage fabricant pr\u00e9sent.<br \/>\nNominative : JAHRAUS &#8211; 2e compagnie Panzer Abwehr Abteilungen 35<br \/>\nAigle probablement remont\u00e9.<br \/>\n(En l&rsquo;\u00e9tat, usures, r\u00e9parations bandeau, visi\u00e8re)<br \/>\n&#8211;<br \/>\nPanzer NCO cap &#8211; Wehrmacht<br \/>\nManufacturer&rsquo;s markings present.<br \/>\nName: JAHRAUS &#8211; 2nd Company Panzer Abwehr Abteilungen 35<br \/>\nEagle probably reassembled.<br \/>\n(As is, wear, repairs to headband and visor).<\/p>","protected":false},"excerpt":{"rendered":"<p>Casquette de sous officier Panzer &#8211; Wehrmacht Marquage fabricant pr\u00e9sent. Nominative : JAHRAUS &#8211; 2e compagnie Panzer Abwehr Abteilungen 35 Aigle probablement remont\u00e9. (En l&rsquo;\u00e9tat, usures, r\u00e9parations bandeau, visi\u00e8re) &#8211; Panzer NCO cap &#8211; Wehrmacht Manufacturer&rsquo;s markings present. Name: JAHRAUS &#8211; 2nd Company Panzer Abwehr Abteilungen 35 Eagle probably reassembled. (As is, wear, repairs to<a class=\"more-link\" href=\"https:\/\/military-classic-auction.com\/en\/product\/casquette-de-sous-officier-panzer-wehrmacht\/\">Read more  &#10230;<\/a><\/p>","protected":false},"featured_media":15074,"template":"","meta":[],"product_brand":[],"product_cat":[77],"product_tag":[],"class_list":{"0":"post-16738","1":"product","2":"type-product","3":"status-publish","4":"has-post-thumbnail","6":"product_cat-coiffes-dagues-du-reich-2025-02","8":"first","9":"instock","10":"sold-individually","11":"purchasable","12":"product-type-auction"},"aioseo_notices":[],"_links":{"self":[{"href":"https:\/\/military-classic-auction.com\/en\/wp-json\/wp\/v2\/product\/16738","targetHints":{"allow":["GET"]}}],"collection":[{"href":"https:\/\/military-classic-auction.com\/en\/wp-json\/wp\/v2\/product"}],"about":[{"href":"https:\/\/military-classic-auction.com\/en\/wp-json\/wp\/v2\/types\/product"}],"wp:featuredmedia":[{"embeddable":true,"href":"https:\/\/military-classic-auction.com\/en\/wp-json\/wp\/v2\/media\/15074"}],"wp:attachment":[{"href":"https:\/\/military-classic-auction.com\/en\/wp-json\/wp\/v2\/media?parent=16738"}],"wp:term":[{"taxonomy":"product_brand","embeddable":true,"href":"https:\/\/military-classic-auction.com\/en\/wp-json\/wp\/v2\/product_brand?post=16738"},{"taxonomy":"product_cat","embeddable":true,"href":"https:\/\/military-classic-auction.com\/en\/wp-json\/wp\/v2\/product_cat?post=16738"},{"taxonomy":"product_tag","embeddable":true,"href":"https:\/\/military-classic-auction.com\/en\/wp-json\/wp\/v2\/product_tag?post=16738"}],"curies":[{"name":"wp","href":"https:\/\/api.w.org\/{rel}","templated":true}]}}