{"id":16737,"date":"2025-02-11T13:36:16","date_gmt":"2025-02-11T11:36:16","guid":{"rendered":"https:\/\/military-classic-auction.com\/?post_type=product&#038;p=16737"},"modified":"2025-02-22T10:48:40","modified_gmt":"2025-02-22T08:48:40","slug":"casquette-dofficier-train-intendance-wehrmacht","status":"publish","type":"product","link":"https:\/\/military-classic-auction.com\/en\/product\/casquette-dofficier-train-intendance-wehrmacht\/","title":{"rendered":"Casquette d&rsquo;officier &#8211; Train &#038; Intendance &#8211; Wehrmacht"},"content":{"rendered":"<p>Casquette d&rsquo;officier &#8211; Train &#038; Intendance &#8211; Wehrmacht<br \/>\nFabrication : AUG MULLER<br \/>\nLiser\u00e9 bleu clair pass\u00e9 sur le plateau.<br \/>\n(En l&rsquo;\u00e9tat, usures, l\u00e9chures de mites)<br \/>\n&#8211;<br \/>\nOfficer&rsquo;s cap &#8211; Train &#038; Quartermaster &#8211; Wehrmacht<br \/>\nManufacture: AUG MULLER<br \/>\nLight blue piping over the top.<br \/>\n(As is, wear, moth damage)<\/p>","protected":false},"excerpt":{"rendered":"<p>Casquette d&rsquo;officier &#8211; Train &#038; Intendance &#8211; Wehrmacht Fabrication : AUG MULLER Liser\u00e9 bleu clair pass\u00e9 sur le plateau. (En l&rsquo;\u00e9tat, usures, l\u00e9chures de mites) &#8211; Officer&rsquo;s cap &#8211; Train &#038; Quartermaster &#8211; Wehrmacht Manufacture: AUG MULLER Light blue piping over the top. (As is, wear, moth damage)<\/p>","protected":false},"featured_media":15058,"template":"","meta":[],"product_brand":[],"product_cat":[77],"product_tag":[],"class_list":{"0":"post-16737","1":"product","2":"type-product","3":"status-publish","4":"has-post-thumbnail","6":"product_cat-coiffes-dagues-du-reich-2025-02","8":"first","9":"instock","10":"sold-individually","11":"purchasable","12":"product-type-auction"},"aioseo_notices":[],"_links":{"self":[{"href":"https:\/\/military-classic-auction.com\/en\/wp-json\/wp\/v2\/product\/16737","targetHints":{"allow":["GET"]}}],"collection":[{"href":"https:\/\/military-classic-auction.com\/en\/wp-json\/wp\/v2\/product"}],"about":[{"href":"https:\/\/military-classic-auction.com\/en\/wp-json\/wp\/v2\/types\/product"}],"wp:featuredmedia":[{"embeddable":true,"href":"https:\/\/military-classic-auction.com\/en\/wp-json\/wp\/v2\/media\/15058"}],"wp:attachment":[{"href":"https:\/\/military-classic-auction.com\/en\/wp-json\/wp\/v2\/media?parent=16737"}],"wp:term":[{"taxonomy":"product_brand","embeddable":true,"href":"https:\/\/military-classic-auction.com\/en\/wp-json\/wp\/v2\/product_brand?post=16737"},{"taxonomy":"product_cat","embeddable":true,"href":"https:\/\/military-classic-auction.com\/en\/wp-json\/wp\/v2\/product_cat?post=16737"},{"taxonomy":"product_tag","embeddable":true,"href":"https:\/\/military-classic-auction.com\/en\/wp-json\/wp\/v2\/product_tag?post=16737"}],"curies":[{"name":"wp","href":"https:\/\/api.w.org\/{rel}","templated":true}]}}