{"id":16735,"date":"2025-02-11T13:36:11","date_gmt":"2025-02-11T11:36:11","guid":{"rendered":"https:\/\/military-classic-auction.com\/?post_type=product&#038;p=16735"},"modified":"2025-02-22T10:21:48","modified_gmt":"2025-02-22T08:21:48","slug":"casquette-dofficier-artillerie-wehrmacht","status":"publish","type":"product","link":"https:\/\/military-classic-auction.com\/en\/product\/casquette-dofficier-artillerie-wehrmacht\/","title":{"rendered":"Casquette d&rsquo;officier &#8211; Artillerie &#8211; Wehrmacht"},"content":{"rendered":"<p>Casquette d&rsquo;officier &#8211; Artillerie &#8211; Wehrmacht<br \/>\nLiser\u00e9 rouge.<br \/>\nFabrication : Triumph<br \/>\n(En l&rsquo;\u00e9tat, usures, l\u00e9chures de mites)<br \/>\n&#8211;<br \/>\nOfficer&rsquo;s cap &#8211; Artillery &#8211; Wehrmacht<br \/>\nRed piping.<br \/>\nManufacture: Triumph<br \/>\n(As is, wear, moth damage)<\/p>","protected":false},"excerpt":{"rendered":"<p>Casquette d&rsquo;officier &#8211; Artillerie &#8211; Wehrmacht Liser\u00e9 rouge. Fabrication : Triumph (En l&rsquo;\u00e9tat, usures, l\u00e9chures de mites) &#8211; Officer&rsquo;s cap &#8211; Artillery &#8211; Wehrmacht Red piping. Manufacture: Triumph (As is, wear, moth damage)<\/p>","protected":false},"featured_media":15035,"template":"","meta":[],"product_brand":[],"product_cat":[77],"product_tag":[],"class_list":{"0":"post-16735","1":"product","2":"type-product","3":"status-publish","4":"has-post-thumbnail","6":"product_cat-coiffes-dagues-du-reich-2025-02","8":"first","9":"instock","10":"sold-individually","11":"purchasable","12":"product-type-auction"},"aioseo_notices":[],"_links":{"self":[{"href":"https:\/\/military-classic-auction.com\/en\/wp-json\/wp\/v2\/product\/16735","targetHints":{"allow":["GET"]}}],"collection":[{"href":"https:\/\/military-classic-auction.com\/en\/wp-json\/wp\/v2\/product"}],"about":[{"href":"https:\/\/military-classic-auction.com\/en\/wp-json\/wp\/v2\/types\/product"}],"wp:featuredmedia":[{"embeddable":true,"href":"https:\/\/military-classic-auction.com\/en\/wp-json\/wp\/v2\/media\/15035"}],"wp:attachment":[{"href":"https:\/\/military-classic-auction.com\/en\/wp-json\/wp\/v2\/media?parent=16735"}],"wp:term":[{"taxonomy":"product_brand","embeddable":true,"href":"https:\/\/military-classic-auction.com\/en\/wp-json\/wp\/v2\/product_brand?post=16735"},{"taxonomy":"product_cat","embeddable":true,"href":"https:\/\/military-classic-auction.com\/en\/wp-json\/wp\/v2\/product_cat?post=16735"},{"taxonomy":"product_tag","embeddable":true,"href":"https:\/\/military-classic-auction.com\/en\/wp-json\/wp\/v2\/product_tag?post=16735"}],"curies":[{"name":"wp","href":"https:\/\/api.w.org\/{rel}","templated":true}]}}