{"id":16734,"date":"2025-02-11T13:36:08","date_gmt":"2025-02-11T11:36:08","guid":{"rendered":"https:\/\/military-classic-auction.com\/?post_type=product&#038;p=16734"},"modified":"2025-02-22T10:56:39","modified_gmt":"2025-02-22T08:56:39","slug":"casquette-dofficier-de-cavalerie-wehrmacht","status":"publish","type":"product","link":"https:\/\/military-classic-auction.com\/en\/product\/casquette-dofficier-de-cavalerie-wehrmacht\/","title":{"rendered":"Casquette d&rsquo;officier de cavalerie &#8211; Wehrmacht"},"content":{"rendered":"<p>Casquette d&rsquo;officier de cavalerie &#8211; Wehrmacht<br \/>\nLiser\u00e9 jaune d&rsquo;or.<br \/>\nInsigne t\u00e8te de mort entre l&rsquo;aigle &#038; la cocarde correspondant au 5\u00e8me r\u00e9giment de cavalerie.<br \/>\nNominative : ERNST EDLER<br \/>\n(En l&rsquo;\u00e9tat, usures, l\u00e9chures de mites)<br \/>\n&#8211;<br \/>\nCavalry officer&rsquo;s cap &#8211; Wehrmacht<br \/>\nGolden yellow piping.<br \/>\nSkull &#038; crossbones insignia between eagle &#038; cockade corresponding to the 5th Cavalry Regiment.<br \/>\nName: ERNST EDLER<br \/>\n(As is, worn, moth-eaten)<\/p>","protected":false},"excerpt":{"rendered":"<p>Casquette d&rsquo;officier de cavalerie &#8211; Wehrmacht Liser\u00e9 jaune d&rsquo;or. Insigne t\u00e8te de mort entre l&rsquo;aigle &#038; la cocarde correspondant au 5\u00e8me r\u00e9giment de cavalerie. Nominative : ERNST EDLER (En l&rsquo;\u00e9tat, usures, l\u00e9chures de mites) &#8211; Cavalry officer&rsquo;s cap &#8211; Wehrmacht Golden yellow piping. Skull &#038; crossbones insignia between eagle &#038; cockade corresponding to the 5th<a class=\"more-link\" href=\"https:\/\/military-classic-auction.com\/en\/product\/casquette-dofficier-de-cavalerie-wehrmacht\/\">Read more  &#10230;<\/a><\/p>","protected":false},"featured_media":15021,"template":"","meta":[],"product_brand":[],"product_cat":[77],"product_tag":[],"class_list":{"0":"post-16734","1":"product","2":"type-product","3":"status-publish","4":"has-post-thumbnail","6":"product_cat-coiffes-dagues-du-reich-2025-02","8":"first","9":"instock","10":"sold-individually","11":"purchasable","12":"product-type-auction"},"aioseo_notices":[],"_links":{"self":[{"href":"https:\/\/military-classic-auction.com\/en\/wp-json\/wp\/v2\/product\/16734","targetHints":{"allow":["GET"]}}],"collection":[{"href":"https:\/\/military-classic-auction.com\/en\/wp-json\/wp\/v2\/product"}],"about":[{"href":"https:\/\/military-classic-auction.com\/en\/wp-json\/wp\/v2\/types\/product"}],"wp:featuredmedia":[{"embeddable":true,"href":"https:\/\/military-classic-auction.com\/en\/wp-json\/wp\/v2\/media\/15021"}],"wp:attachment":[{"href":"https:\/\/military-classic-auction.com\/en\/wp-json\/wp\/v2\/media?parent=16734"}],"wp:term":[{"taxonomy":"product_brand","embeddable":true,"href":"https:\/\/military-classic-auction.com\/en\/wp-json\/wp\/v2\/product_brand?post=16734"},{"taxonomy":"product_cat","embeddable":true,"href":"https:\/\/military-classic-auction.com\/en\/wp-json\/wp\/v2\/product_cat?post=16734"},{"taxonomy":"product_tag","embeddable":true,"href":"https:\/\/military-classic-auction.com\/en\/wp-json\/wp\/v2\/product_tag?post=16734"}],"curies":[{"name":"wp","href":"https:\/\/api.w.org\/{rel}","templated":true}]}}