{"id":16733,"date":"2025-02-11T13:36:06","date_gmt":"2025-02-11T11:36:06","guid":{"rendered":"https:\/\/military-classic-auction.com\/?post_type=product&#038;p=16733"},"modified":"2025-02-22T07:32:25","modified_gmt":"2025-02-22T05:32:25","slug":"casquette-de-sous-officier-17e-regiment-dinfanterie-wehrmacht","status":"publish","type":"product","link":"https:\/\/military-classic-auction.com\/en\/product\/casquette-de-sous-officier-17e-regiment-dinfanterie-wehrmacht\/","title":{"rendered":"Casquette de sous officier &#8211; 17e R\u00e9giment d&rsquo;infanterie &#8211; Wehrmacht"},"content":{"rendered":"<p>Casquette de sous officier &#8211; 17e R\u00e9giment d&rsquo;infanterie &#8211; Wehrmacht<br \/>\nMarquage fabricant peu visible.<br \/>\nT\u00e9t\u00e9 de mort traditionnelle ou insigne comm\u00e9moratif entre aigle &#038; cocarde.<br \/>\nSeules les 1\u00e8re et 4\u00e8me compagnies \u00e9taient autoris\u00e9es \u00e0 utiliser les cr\u00e2nes de style Braunschweig sur leur couvre-chef.<br \/>\nR\u00e9giment\u00e9e dans la coiffe : \u00ab\u00a0Regt 17\u00a0\u00bb<br \/>\n(En l&rsquo;\u00e9tat, usures, traces d&rsquo;humidit\u00e9, bandeau cuir d\u00e9cousu)<br \/>\n&#8211;<br \/>\nNCO cap &#8211; 17th Infantry Regiment &#8211; Wehrmacht<br \/>\nFaint manufacturer&rsquo;s markings.<br \/>\nTraditional death&rsquo;s head or commemorative insignia between eagle &#038; cockade.<br \/>\nOnly the 1st and 4th companies were authorized to use Braunschweig-style skulls on their headgear.<br \/>\nRegimented in the headdress: \u00ab\u00a0Regt 17\u00a0\u00bb.<br \/>\n(As is, wear, traces of moisture, leather headband detached)<\/p>","protected":false},"excerpt":{"rendered":"<p>Casquette de sous officier &#8211; 17e R\u00e9giment d&rsquo;infanterie &#8211; Wehrmacht Marquage fabricant peu visible. T\u00e9t\u00e9 de mort traditionnelle ou insigne comm\u00e9moratif entre aigle &#038; cocarde. Seules les 1\u00e8re et 4\u00e8me compagnies \u00e9taient autoris\u00e9es \u00e0 utiliser les cr\u00e2nes de style Braunschweig sur leur couvre-chef. R\u00e9giment\u00e9e dans la coiffe : \u00ab\u00a0Regt 17\u00a0\u00bb (En l&rsquo;\u00e9tat, usures, traces d&rsquo;humidit\u00e9,<a class=\"more-link\" href=\"https:\/\/military-classic-auction.com\/en\/product\/casquette-de-sous-officier-17e-regiment-dinfanterie-wehrmacht\/\">Read more  &#10230;<\/a><\/p>","protected":false},"featured_media":15006,"template":"","meta":[],"product_brand":[],"product_cat":[77],"product_tag":[],"class_list":{"0":"post-16733","1":"product","2":"type-product","3":"status-publish","4":"has-post-thumbnail","6":"product_cat-coiffes-dagues-du-reich-2025-02","8":"first","9":"instock","10":"sold-individually","11":"purchasable","12":"product-type-auction"},"aioseo_notices":[],"_links":{"self":[{"href":"https:\/\/military-classic-auction.com\/en\/wp-json\/wp\/v2\/product\/16733","targetHints":{"allow":["GET"]}}],"collection":[{"href":"https:\/\/military-classic-auction.com\/en\/wp-json\/wp\/v2\/product"}],"about":[{"href":"https:\/\/military-classic-auction.com\/en\/wp-json\/wp\/v2\/types\/product"}],"wp:featuredmedia":[{"embeddable":true,"href":"https:\/\/military-classic-auction.com\/en\/wp-json\/wp\/v2\/media\/15006"}],"wp:attachment":[{"href":"https:\/\/military-classic-auction.com\/en\/wp-json\/wp\/v2\/media?parent=16733"}],"wp:term":[{"taxonomy":"product_brand","embeddable":true,"href":"https:\/\/military-classic-auction.com\/en\/wp-json\/wp\/v2\/product_brand?post=16733"},{"taxonomy":"product_cat","embeddable":true,"href":"https:\/\/military-classic-auction.com\/en\/wp-json\/wp\/v2\/product_cat?post=16733"},{"taxonomy":"product_tag","embeddable":true,"href":"https:\/\/military-classic-auction.com\/en\/wp-json\/wp\/v2\/product_tag?post=16733"}],"curies":[{"name":"wp","href":"https:\/\/api.w.org\/{rel}","templated":true}]}}