{"id":16732,"date":"2025-02-11T13:36:03","date_gmt":"2025-02-11T11:36:03","guid":{"rendered":"https:\/\/military-classic-auction.com\/?post_type=product&#038;p=16732"},"modified":"2025-02-21T20:03:20","modified_gmt":"2025-02-21T18:03:20","slug":"dague-dofficier-heer-10","status":"publish","type":"product","link":"https:\/\/military-classic-auction.com\/en\/product\/dague-dofficier-heer-10\/","title":{"rendered":"Dague d&rsquo;officier &#8211; Heer"},"content":{"rendered":"<p>Dague d&rsquo;officier &#8211; Heer<br \/>\nFabrication : \u00ab\u00a0Alcoso &#8211; Solingen\u00a0\u00bb<br \/>\nDragonne pr\u00e9sente.<br \/>\nA noter, jeu dans la poign\u00e9e.<br \/>\nTaille de la lame : 25cm<br \/>\n(En l&rsquo;\u00e9tat, usures)<br \/>\n&#8211;<br \/>\nOfficer&rsquo;s dagger &#8211; Heer<br \/>\nManufactured: \u00ab\u00a0Alcoso &#8211; Solingen\u00a0\u00bb<br \/>\nStrap present.<br \/>\nNote, play in the handle.<br \/>\nBlade size: 9,8&Prime;<br \/>\n(As is, wear)<\/p>","protected":false},"excerpt":{"rendered":"<p>Dague d&rsquo;officier &#8211; Heer Fabrication : \u00ab\u00a0Alcoso &#8211; Solingen\u00a0\u00bb Dragonne pr\u00e9sente. A noter, jeu dans la poign\u00e9e. Taille de la lame : 25cm (En l&rsquo;\u00e9tat, usures) &#8211; Officer&rsquo;s dagger &#8211; Heer Manufactured: \u00ab\u00a0Alcoso &#8211; Solingen\u00a0\u00bb Strap present. Note, play in the handle. Blade size: 9,8&Prime; (As is, wear)<\/p>","protected":false},"featured_media":14989,"template":"","meta":[],"product_brand":[],"product_cat":[77],"product_tag":[],"class_list":{"0":"post-16732","1":"product","2":"type-product","3":"status-publish","4":"has-post-thumbnail","6":"product_cat-coiffes-dagues-du-reich-2025-02","8":"first","9":"instock","10":"sold-individually","11":"purchasable","12":"product-type-auction"},"aioseo_notices":[],"_links":{"self":[{"href":"https:\/\/military-classic-auction.com\/en\/wp-json\/wp\/v2\/product\/16732","targetHints":{"allow":["GET"]}}],"collection":[{"href":"https:\/\/military-classic-auction.com\/en\/wp-json\/wp\/v2\/product"}],"about":[{"href":"https:\/\/military-classic-auction.com\/en\/wp-json\/wp\/v2\/types\/product"}],"wp:featuredmedia":[{"embeddable":true,"href":"https:\/\/military-classic-auction.com\/en\/wp-json\/wp\/v2\/media\/14989"}],"wp:attachment":[{"href":"https:\/\/military-classic-auction.com\/en\/wp-json\/wp\/v2\/media?parent=16732"}],"wp:term":[{"taxonomy":"product_brand","embeddable":true,"href":"https:\/\/military-classic-auction.com\/en\/wp-json\/wp\/v2\/product_brand?post=16732"},{"taxonomy":"product_cat","embeddable":true,"href":"https:\/\/military-classic-auction.com\/en\/wp-json\/wp\/v2\/product_cat?post=16732"},{"taxonomy":"product_tag","embeddable":true,"href":"https:\/\/military-classic-auction.com\/en\/wp-json\/wp\/v2\/product_tag?post=16732"}],"curies":[{"name":"wp","href":"https:\/\/api.w.org\/{rel}","templated":true}]}}