{"id":14925,"date":"2024-12-12T02:11:00","date_gmt":"2024-12-12T00:11:00","guid":{"rendered":"https:\/\/military-classic-auction.com\/?post_type=product&#038;p=14925"},"modified":"2024-12-12T02:11:01","modified_gmt":"2024-12-12T00:11:01","slug":"le-general-erwin-rommel-plusieurs-hauts-grades-du-iiieme-reich-2","status":"publish","type":"product","link":"https:\/\/military-classic-auction.com\/en\/product\/le-general-erwin-rommel-plusieurs-hauts-grades-du-iiieme-reich-2\/","title":{"rendered":"Le G\u00e9n\u00e9ral Erwin Rommel &#038; plusieurs hauts grad\u00e9s du III\u00e8me Reich"},"content":{"rendered":"<p>Le G\u00e9n\u00e9ral Erwin Rommel &#038; plusieurs hauts grad\u00e9s du III\u00e8me Reich<br \/>\nDimension : 36cm x 23,5cm (environ) &#8211; \u00c9paisseur : 15mm<br \/>\n(En l&rsquo;\u00e9tat, usures, taches)<br \/>\n&#8211;<br \/>\nDimension : 14,1&Prime; x 9,2&Prime; (approximately) &#8211; Thickness : 0,59&Prime;<\/p>","protected":false},"excerpt":{"rendered":"<p>Le G\u00e9n\u00e9ral Erwin Rommel &#038; plusieurs hauts grad\u00e9s du III\u00e8me Reich Dimension : 36cm x 23,5cm (environ) &#8211; \u00c9paisseur : 15mm (En l&rsquo;\u00e9tat, usures, taches) &#8211; Dimension : 14,1&Prime; x 9,2&Prime; (approximately) &#8211; Thickness : 0,59&Prime;<\/p>","protected":false},"featured_media":14759,"template":"","meta":[],"product_brand":[],"product_cat":[76],"product_tag":[],"class_list":{"0":"post-14925","1":"product","2":"type-product","3":"status-publish","4":"has-post-thumbnail","6":"product_cat-christmas-in-bastogne","8":"first","9":"instock","10":"sold-individually","11":"purchasable","12":"product-type-auction"},"aioseo_notices":[],"_links":{"self":[{"href":"https:\/\/military-classic-auction.com\/en\/wp-json\/wp\/v2\/product\/14925","targetHints":{"allow":["GET"]}}],"collection":[{"href":"https:\/\/military-classic-auction.com\/en\/wp-json\/wp\/v2\/product"}],"about":[{"href":"https:\/\/military-classic-auction.com\/en\/wp-json\/wp\/v2\/types\/product"}],"wp:featuredmedia":[{"embeddable":true,"href":"https:\/\/military-classic-auction.com\/en\/wp-json\/wp\/v2\/media\/14759"}],"wp:attachment":[{"href":"https:\/\/military-classic-auction.com\/en\/wp-json\/wp\/v2\/media?parent=14925"}],"wp:term":[{"taxonomy":"product_brand","embeddable":true,"href":"https:\/\/military-classic-auction.com\/en\/wp-json\/wp\/v2\/product_brand?post=14925"},{"taxonomy":"product_cat","embeddable":true,"href":"https:\/\/military-classic-auction.com\/en\/wp-json\/wp\/v2\/product_cat?post=14925"},{"taxonomy":"product_tag","embeddable":true,"href":"https:\/\/military-classic-auction.com\/en\/wp-json\/wp\/v2\/product_tag?post=14925"}],"curies":[{"name":"wp","href":"https:\/\/api.w.org\/{rel}","templated":true}]}}