{"id":14924,"date":"2024-12-12T02:10:58","date_gmt":"2024-12-12T00:10:58","guid":{"rendered":"https:\/\/military-classic-auction.com\/?post_type=product&#038;p=14924"},"modified":"2024-12-12T02:10:59","modified_gmt":"2024-12-12T00:10:59","slug":"portrait-du-general-hans-speidel-2","status":"publish","type":"product","link":"https:\/\/military-classic-auction.com\/en\/product\/portrait-du-general-hans-speidel-2\/","title":{"rendered":"Portrait du G\u00e9n\u00e9ral Hans Speidel"},"content":{"rendered":"<p>Portrait du G\u00e9n\u00e9ral Hans Speidel<br \/>\n(28 octobre 1897 &#8211; 28 novembre 1984)<br \/>\nDimension : 35,5cm x 28cm (environ) &#8211; \u00c9paisseur : 15mm<br \/>\n(En l&rsquo;\u00e9tat, usures, accroc)<br \/>\n&#8211;<br \/>\nDimension : 13,9&Prime; x 11&Prime; (approximately) &#8211; Thickness : 0,59&Prime;<\/p>","protected":false},"excerpt":{"rendered":"<p>Portrait du G\u00e9n\u00e9ral Hans Speidel (28 octobre 1897 &#8211; 28 novembre 1984) Dimension : 35,5cm x 28cm (environ) &#8211; \u00c9paisseur : 15mm (En l&rsquo;\u00e9tat, usures, accroc) &#8211; Dimension : 13,9&Prime; x 11&Prime; (approximately) &#8211; Thickness : 0,59&Prime;<\/p>","protected":false},"featured_media":14756,"template":"","meta":[],"product_brand":[],"product_cat":[76],"product_tag":[],"class_list":{"0":"post-14924","1":"product","2":"type-product","3":"status-publish","4":"has-post-thumbnail","6":"product_cat-christmas-in-bastogne","8":"first","9":"instock","10":"sold-individually","11":"purchasable","12":"product-type-auction"},"aioseo_notices":[],"_links":{"self":[{"href":"https:\/\/military-classic-auction.com\/en\/wp-json\/wp\/v2\/product\/14924","targetHints":{"allow":["GET"]}}],"collection":[{"href":"https:\/\/military-classic-auction.com\/en\/wp-json\/wp\/v2\/product"}],"about":[{"href":"https:\/\/military-classic-auction.com\/en\/wp-json\/wp\/v2\/types\/product"}],"wp:featuredmedia":[{"embeddable":true,"href":"https:\/\/military-classic-auction.com\/en\/wp-json\/wp\/v2\/media\/14756"}],"wp:attachment":[{"href":"https:\/\/military-classic-auction.com\/en\/wp-json\/wp\/v2\/media?parent=14924"}],"wp:term":[{"taxonomy":"product_brand","embeddable":true,"href":"https:\/\/military-classic-auction.com\/en\/wp-json\/wp\/v2\/product_brand?post=14924"},{"taxonomy":"product_cat","embeddable":true,"href":"https:\/\/military-classic-auction.com\/en\/wp-json\/wp\/v2\/product_cat?post=14924"},{"taxonomy":"product_tag","embeddable":true,"href":"https:\/\/military-classic-auction.com\/en\/wp-json\/wp\/v2\/product_tag?post=14924"}],"curies":[{"name":"wp","href":"https:\/\/api.w.org\/{rel}","templated":true}]}}