{"id":14921,"date":"2024-12-12T02:10:51","date_gmt":"2024-12-12T00:10:51","guid":{"rendered":"https:\/\/military-classic-auction.com\/?post_type=product&#038;p=14921"},"modified":"2024-12-12T02:10:52","modified_gmt":"2024-12-12T00:10:52","slug":"portrait-de-josef-dietrich-waffen-ss-2","status":"publish","type":"product","link":"https:\/\/military-classic-auction.com\/en\/product\/portrait-de-josef-dietrich-waffen-ss-2\/","title":{"rendered":"Portrait de Josef Dietrich &#8211; Waffen SS"},"content":{"rendered":"<p>Portrait de Josef Dietrich &#8211; Waffen SS<br \/>\nGrade : SS-Oberst-Gruppenf\u00fchrer<br \/>\nN\u00e9 le 28 mai 1892, mort le 24 avril 1966.<br \/>\nJug\u00e9 et condamn\u00e9 pour crimes de guerre, il n&rsquo;effectuera qu&rsquo;une petite partie de ses peines.<br \/>\nDimension : 35,5cm x 28cm (environ) &#8211; \u00c9paisseur : 15mm<br \/>\n(En l&rsquo;\u00e9tat, usures, accrocs)<br \/>\n&#8211;<br \/>\nDimension : 13,9&Prime; x 11&Prime; (approximately) &#8211; Thickness : 0,59&Prime;<\/p>","protected":false},"excerpt":{"rendered":"<p>Portrait de Josef Dietrich &#8211; Waffen SS Grade : SS-Oberst-Gruppenf\u00fchrer N\u00e9 le 28 mai 1892, mort le 24 avril 1966. Jug\u00e9 et condamn\u00e9 pour crimes de guerre, il n&rsquo;effectuera qu&rsquo;une petite partie de ses peines. Dimension : 35,5cm x 28cm (environ) &#8211; \u00c9paisseur : 15mm (En l&rsquo;\u00e9tat, usures, accrocs) &#8211; Dimension : 13,9&Prime; x 11&Prime;<a class=\"more-link\" href=\"https:\/\/military-classic-auction.com\/en\/product\/portrait-de-josef-dietrich-waffen-ss-2\/\">Read more  &#10230;<\/a><\/p>","protected":false},"featured_media":14744,"template":"","meta":[],"product_brand":[],"product_cat":[76],"product_tag":[],"class_list":{"0":"post-14921","1":"product","2":"type-product","3":"status-publish","4":"has-post-thumbnail","6":"product_cat-christmas-in-bastogne","8":"first","9":"instock","10":"sold-individually","11":"purchasable","12":"product-type-auction"},"aioseo_notices":[],"_links":{"self":[{"href":"https:\/\/military-classic-auction.com\/en\/wp-json\/wp\/v2\/product\/14921","targetHints":{"allow":["GET"]}}],"collection":[{"href":"https:\/\/military-classic-auction.com\/en\/wp-json\/wp\/v2\/product"}],"about":[{"href":"https:\/\/military-classic-auction.com\/en\/wp-json\/wp\/v2\/types\/product"}],"wp:featuredmedia":[{"embeddable":true,"href":"https:\/\/military-classic-auction.com\/en\/wp-json\/wp\/v2\/media\/14744"}],"wp:attachment":[{"href":"https:\/\/military-classic-auction.com\/en\/wp-json\/wp\/v2\/media?parent=14921"}],"wp:term":[{"taxonomy":"product_brand","embeddable":true,"href":"https:\/\/military-classic-auction.com\/en\/wp-json\/wp\/v2\/product_brand?post=14921"},{"taxonomy":"product_cat","embeddable":true,"href":"https:\/\/military-classic-auction.com\/en\/wp-json\/wp\/v2\/product_cat?post=14921"},{"taxonomy":"product_tag","embeddable":true,"href":"https:\/\/military-classic-auction.com\/en\/wp-json\/wp\/v2\/product_tag?post=14921"}],"curies":[{"name":"wp","href":"https:\/\/api.w.org\/{rel}","templated":true}]}}