{"id":14918,"date":"2024-12-12T02:10:44","date_gmt":"2024-12-12T00:10:44","guid":{"rendered":"https:\/\/military-classic-auction.com\/?post_type=product&#038;p=14918"},"modified":"2024-12-21T14:00:15","modified_gmt":"2024-12-21T12:00:15","slug":"portrait-du-general-fritz-bayerlin","status":"publish","type":"product","link":"https:\/\/military-classic-auction.com\/en\/product\/portrait-du-general-fritz-bayerlin\/","title":{"rendered":"Portrait du G\u00e9n\u00e9ral Fritz Bayerlin"},"content":{"rendered":"<p>Portrait du G\u00e9n\u00e9ral Fritz Bayerlin<\/p>\n<p>(14 janvier 1899 &#8211; 30 janvier 1970)<\/p>\n<p>Fin 1943, il prend le commandement de la Panzer Lehr Division. Celle-ci participa \u00e0 l&rsquo;invasion de la Hongrie en mars 1944. En mai, elle fut stationn\u00e9e au Mans en pr\u00e9vision d&rsquo;un d\u00e9barquement alli\u00e9. Apr\u00e8s le d\u00e9barquement, les troupes de Bayerlein combattirent \u00e0 Caen puis pr\u00e8s de Saint-L\u00f4. Elles furent d\u00e9cim\u00e9es par l&rsquo;intense bombardement (\u00ab tapis de bombes \u00bb) qui pr\u00e9c\u00e9da l&rsquo;op\u00e9ration Cobra lanc\u00e9e par les Alli\u00e9s fin juillet et qui conduisit \u00e0 la perc\u00e9e d&rsquo;Avranches.<\/p>\n<p>Dimension : 36cm x 24cm (environ) &#8211; \u00c9paisseur : 15mm<\/p>\n<p>(En l&rsquo;\u00e9tat, usures, taches)<\/p>\n<p>Dimension : 14,1&Prime; x 9,4&Prime; (approximately) &#8211; Thickness : 0,59&Prime;<\/p>","protected":false},"excerpt":{"rendered":"<p>Portrait du G\u00e9n\u00e9ral Fritz Bayerlin (14 janvier 1899 &#8211; 30 janvier 1970) Fin 1943, il prend le commandement de la Panzer Lehr Division. Celle-ci participa \u00e0 l&rsquo;invasion de la Hongrie en mars 1944. En mai, elle fut stationn\u00e9e au Mans en pr\u00e9vision d&rsquo;un d\u00e9barquement alli\u00e9. Apr\u00e8s le d\u00e9barquement, les troupes de Bayerlein combattirent \u00e0 Caen<a class=\"more-link\" href=\"https:\/\/military-classic-auction.com\/en\/product\/portrait-du-general-fritz-bayerlin\/\">Read more  &#10230;<\/a><\/p>","protected":false},"featured_media":14734,"template":"","meta":[],"product_brand":[],"product_cat":[76],"product_tag":[],"class_list":{"0":"post-14918","1":"product","2":"type-product","3":"status-publish","4":"has-post-thumbnail","6":"product_cat-christmas-in-bastogne","8":"first","9":"instock","10":"sold-individually","11":"purchasable","12":"product-type-auction"},"aioseo_notices":[],"_links":{"self":[{"href":"https:\/\/military-classic-auction.com\/en\/wp-json\/wp\/v2\/product\/14918","targetHints":{"allow":["GET"]}}],"collection":[{"href":"https:\/\/military-classic-auction.com\/en\/wp-json\/wp\/v2\/product"}],"about":[{"href":"https:\/\/military-classic-auction.com\/en\/wp-json\/wp\/v2\/types\/product"}],"wp:featuredmedia":[{"embeddable":true,"href":"https:\/\/military-classic-auction.com\/en\/wp-json\/wp\/v2\/media\/14734"}],"wp:attachment":[{"href":"https:\/\/military-classic-auction.com\/en\/wp-json\/wp\/v2\/media?parent=14918"}],"wp:term":[{"taxonomy":"product_brand","embeddable":true,"href":"https:\/\/military-classic-auction.com\/en\/wp-json\/wp\/v2\/product_brand?post=14918"},{"taxonomy":"product_cat","embeddable":true,"href":"https:\/\/military-classic-auction.com\/en\/wp-json\/wp\/v2\/product_cat?post=14918"},{"taxonomy":"product_tag","embeddable":true,"href":"https:\/\/military-classic-auction.com\/en\/wp-json\/wp\/v2\/product_tag?post=14918"}],"curies":[{"name":"wp","href":"https:\/\/api.w.org\/{rel}","templated":true}]}}