{"id":14915,"date":"2024-12-12T02:10:32","date_gmt":"2024-12-12T00:10:32","guid":{"rendered":"https:\/\/military-classic-auction.com\/?post_type=product&#038;p=14915"},"modified":"2024-12-12T02:10:33","modified_gmt":"2024-12-12T00:10:33","slug":"civils-devant-des-vehicules-abandonnes-bataille-des-ardennes-2","status":"publish","type":"product","link":"https:\/\/military-classic-auction.com\/en\/product\/civils-devant-des-vehicules-abandonnes-bataille-des-ardennes-2\/","title":{"rendered":"Civils devant des v\u00e9hicules abandonn\u00e9s &#8211; Bataille des Ardennes"},"content":{"rendered":"<p>Civils devant des v\u00e9hicules abandonn\u00e9s &#8211; Bataille des Ardennes<br \/>\nGrande dimension : 50cm x 35cm (environ) &#8211; \u00c9paisseur : 15mm<br \/>\n(En l&rsquo;\u00e9tat, usures, accroc)<br \/>\n&#8211;<br \/>\nLarge dimension : 19,6&Prime; x 13,7&Prime; (approximately) &#8211; Thickness : 0,59&Prime;<\/p>","protected":false},"excerpt":{"rendered":"<p>Civils devant des v\u00e9hicules abandonn\u00e9s &#8211; Bataille des Ardennes Grande dimension : 50cm x 35cm (environ) &#8211; \u00c9paisseur : 15mm (En l&rsquo;\u00e9tat, usures, accroc) &#8211; Large dimension : 19,6&Prime; x 13,7&Prime; (approximately) &#8211; Thickness : 0,59&Prime;<\/p>","protected":false},"featured_media":14723,"template":"","meta":[],"product_brand":[],"product_cat":[76],"product_tag":[],"class_list":{"0":"post-14915","1":"product","2":"type-product","3":"status-publish","4":"has-post-thumbnail","6":"product_cat-christmas-in-bastogne","8":"first","9":"instock","10":"sold-individually","11":"purchasable","12":"product-type-auction"},"aioseo_notices":[],"_links":{"self":[{"href":"https:\/\/military-classic-auction.com\/en\/wp-json\/wp\/v2\/product\/14915","targetHints":{"allow":["GET"]}}],"collection":[{"href":"https:\/\/military-classic-auction.com\/en\/wp-json\/wp\/v2\/product"}],"about":[{"href":"https:\/\/military-classic-auction.com\/en\/wp-json\/wp\/v2\/types\/product"}],"wp:featuredmedia":[{"embeddable":true,"href":"https:\/\/military-classic-auction.com\/en\/wp-json\/wp\/v2\/media\/14723"}],"wp:attachment":[{"href":"https:\/\/military-classic-auction.com\/en\/wp-json\/wp\/v2\/media?parent=14915"}],"wp:term":[{"taxonomy":"product_brand","embeddable":true,"href":"https:\/\/military-classic-auction.com\/en\/wp-json\/wp\/v2\/product_brand?post=14915"},{"taxonomy":"product_cat","embeddable":true,"href":"https:\/\/military-classic-auction.com\/en\/wp-json\/wp\/v2\/product_cat?post=14915"},{"taxonomy":"product_tag","embeddable":true,"href":"https:\/\/military-classic-auction.com\/en\/wp-json\/wp\/v2\/product_tag?post=14915"}],"curies":[{"name":"wp","href":"https:\/\/api.w.org\/{rel}","templated":true}]}}