{"id":14908,"date":"2024-12-12T02:09:50","date_gmt":"2024-12-12T00:09:50","guid":{"rendered":"https:\/\/military-classic-auction.com\/?post_type=product&#038;p=14908"},"modified":"2024-12-12T02:09:51","modified_gmt":"2024-12-12T00:09:51","slug":"deux-chars-m46-patton-2","status":"publish","type":"product","link":"https:\/\/military-classic-auction.com\/en\/product\/deux-chars-m46-patton-2\/","title":{"rendered":"Deux chars M46 Patton"},"content":{"rendered":"<p>Deux chars M46 Patton<br \/>\nClich\u00e9 provenant du film \u00ab\u00a0La Bataille des Ardennes\u00a0\u00bb, film r\u00e9alis\u00e9 par Ken Annakin, sorti en 1965.<br \/>\nDimension : 36cm x 22cm (environ) &#8211; \u00c9paisseur : 17mm<br \/>\n(En l&rsquo;\u00e9tat, usures, taches)<br \/>\n&#8211;<br \/>\nDimension : 14,1&Prime; x 8,6&Prime; (approximately) &#8211; Thickness : 0,66&Prime;<\/p>","protected":false},"excerpt":{"rendered":"<p>Deux chars M46 Patton Clich\u00e9 provenant du film \u00ab\u00a0La Bataille des Ardennes\u00a0\u00bb, film r\u00e9alis\u00e9 par Ken Annakin, sorti en 1965. Dimension : 36cm x 22cm (environ) &#8211; \u00c9paisseur : 17mm (En l&rsquo;\u00e9tat, usures, taches) &#8211; Dimension : 14,1&Prime; x 8,6&Prime; (approximately) &#8211; Thickness : 0,66&Prime;<\/p>","protected":false},"featured_media":14692,"template":"","meta":[],"product_brand":[],"product_cat":[76],"product_tag":[],"class_list":{"0":"post-14908","1":"product","2":"type-product","3":"status-publish","4":"has-post-thumbnail","6":"product_cat-christmas-in-bastogne","8":"first","9":"instock","10":"sold-individually","11":"purchasable","12":"product-type-auction"},"aioseo_notices":[],"_links":{"self":[{"href":"https:\/\/military-classic-auction.com\/en\/wp-json\/wp\/v2\/product\/14908","targetHints":{"allow":["GET"]}}],"collection":[{"href":"https:\/\/military-classic-auction.com\/en\/wp-json\/wp\/v2\/product"}],"about":[{"href":"https:\/\/military-classic-auction.com\/en\/wp-json\/wp\/v2\/types\/product"}],"wp:featuredmedia":[{"embeddable":true,"href":"https:\/\/military-classic-auction.com\/en\/wp-json\/wp\/v2\/media\/14692"}],"wp:attachment":[{"href":"https:\/\/military-classic-auction.com\/en\/wp-json\/wp\/v2\/media?parent=14908"}],"wp:term":[{"taxonomy":"product_brand","embeddable":true,"href":"https:\/\/military-classic-auction.com\/en\/wp-json\/wp\/v2\/product_brand?post=14908"},{"taxonomy":"product_cat","embeddable":true,"href":"https:\/\/military-classic-auction.com\/en\/wp-json\/wp\/v2\/product_cat?post=14908"},{"taxonomy":"product_tag","embeddable":true,"href":"https:\/\/military-classic-auction.com\/en\/wp-json\/wp\/v2\/product_tag?post=14908"}],"curies":[{"name":"wp","href":"https:\/\/api.w.org\/{rel}","templated":true}]}}