{"id":14901,"date":"2024-12-12T02:09:30","date_gmt":"2024-12-12T00:09:30","guid":{"rendered":"https:\/\/military-classic-auction.com\/?post_type=product&#038;p=14901"},"modified":"2024-12-12T02:09:31","modified_gmt":"2024-12-12T00:09:31","slug":"soldat-americain-baionnette-au-fusil-bataille-des-ardennes-2","status":"publish","type":"product","link":"https:\/\/military-classic-auction.com\/en\/product\/soldat-americain-baionnette-au-fusil-bataille-des-ardennes-2\/","title":{"rendered":"Soldat am\u00e9ricain ba\u00efonnette au fusil &#8211; Bataille des Ardennes"},"content":{"rendered":"<p>Soldat am\u00e9ricain ba\u00efonnette au fusil &#8211; Bataille des Ardennes<br \/>\nGrande dimension : 80cm x 61cm (environ) &#8211; \u00c9paisseur : 18mm<br \/>\n(En l&rsquo;\u00e9tat, usures, accrocs)<br \/>\n&#8211;<br \/>\nLarge dimension : 31,5&Prime; x 24&Prime; (approximately) &#8211; Thickness : 0,7&Prime;<\/p>","protected":false},"excerpt":{"rendered":"<p>Soldat am\u00e9ricain ba\u00efonnette au fusil &#8211; Bataille des Ardennes Grande dimension : 80cm x 61cm (environ) &#8211; \u00c9paisseur : 18mm (En l&rsquo;\u00e9tat, usures, accrocs) &#8211; Large dimension : 31,5&Prime; x 24&Prime; (approximately) &#8211; Thickness : 0,7&Prime;<\/p>","protected":false},"featured_media":14660,"template":"","meta":[],"product_brand":[],"product_cat":[76],"product_tag":[],"class_list":{"0":"post-14901","1":"product","2":"type-product","3":"status-publish","4":"has-post-thumbnail","6":"product_cat-christmas-in-bastogne","8":"first","9":"instock","10":"sold-individually","11":"purchasable","12":"product-type-auction"},"aioseo_notices":[],"_links":{"self":[{"href":"https:\/\/military-classic-auction.com\/en\/wp-json\/wp\/v2\/product\/14901","targetHints":{"allow":["GET"]}}],"collection":[{"href":"https:\/\/military-classic-auction.com\/en\/wp-json\/wp\/v2\/product"}],"about":[{"href":"https:\/\/military-classic-auction.com\/en\/wp-json\/wp\/v2\/types\/product"}],"wp:featuredmedia":[{"embeddable":true,"href":"https:\/\/military-classic-auction.com\/en\/wp-json\/wp\/v2\/media\/14660"}],"wp:attachment":[{"href":"https:\/\/military-classic-auction.com\/en\/wp-json\/wp\/v2\/media?parent=14901"}],"wp:term":[{"taxonomy":"product_brand","embeddable":true,"href":"https:\/\/military-classic-auction.com\/en\/wp-json\/wp\/v2\/product_brand?post=14901"},{"taxonomy":"product_cat","embeddable":true,"href":"https:\/\/military-classic-auction.com\/en\/wp-json\/wp\/v2\/product_cat?post=14901"},{"taxonomy":"product_tag","embeddable":true,"href":"https:\/\/military-classic-auction.com\/en\/wp-json\/wp\/v2\/product_tag?post=14901"}],"curies":[{"name":"wp","href":"https:\/\/api.w.org\/{rel}","templated":true}]}}