{"id":14896,"date":"2024-12-12T02:08:57","date_gmt":"2024-12-12T00:08:57","guid":{"rendered":"https:\/\/military-classic-auction.com\/?post_type=product&#038;p=14896"},"modified":"2024-12-12T02:08:58","modified_gmt":"2024-12-12T00:08:58","slug":"le-general-montgomery-matthew-b-ridgway-bataille-des-ardennes-2","status":"publish","type":"product","link":"https:\/\/military-classic-auction.com\/en\/product\/le-general-montgomery-matthew-b-ridgway-bataille-des-ardennes-2\/","title":{"rendered":"Le G\u00e9n\u00e9ral Montgomery &#038; Matthew B. Ridgway &#8211; Bataille des Ardennes"},"content":{"rendered":"<p>Le G\u00e9n\u00e9ral Montgomery &#038; Matthew B. Ridgway &#8211; Bataille des Ardennes<br \/>\nDimension : 35,5cm x 24cm (environ) &#8211; \u00c9paisseur : 15mm<br \/>\n(En l&rsquo;\u00e9tat, usures, taches)<br \/>\n&#8211;<br \/>\nDimension : 13,9&Prime; x 9,4&Prime; (approximately) &#8211; Thickness : 0,59&Prime;<\/p>","protected":false},"excerpt":{"rendered":"<p>Le G\u00e9n\u00e9ral Montgomery &#038; Matthew B. Ridgway &#8211; Bataille des Ardennes Dimension : 35,5cm x 24cm (environ) &#8211; \u00c9paisseur : 15mm (En l&rsquo;\u00e9tat, usures, taches) &#8211; Dimension : 13,9&Prime; x 9,4&Prime; (approximately) &#8211; Thickness : 0,59&Prime;<\/p>","protected":false},"featured_media":14643,"template":"","meta":[],"product_brand":[],"product_cat":[76],"product_tag":[],"class_list":{"0":"post-14896","1":"product","2":"type-product","3":"status-publish","4":"has-post-thumbnail","6":"product_cat-christmas-in-bastogne","8":"first","9":"instock","10":"sold-individually","11":"purchasable","12":"product-type-auction"},"aioseo_notices":[],"_links":{"self":[{"href":"https:\/\/military-classic-auction.com\/en\/wp-json\/wp\/v2\/product\/14896","targetHints":{"allow":["GET"]}}],"collection":[{"href":"https:\/\/military-classic-auction.com\/en\/wp-json\/wp\/v2\/product"}],"about":[{"href":"https:\/\/military-classic-auction.com\/en\/wp-json\/wp\/v2\/types\/product"}],"wp:featuredmedia":[{"embeddable":true,"href":"https:\/\/military-classic-auction.com\/en\/wp-json\/wp\/v2\/media\/14643"}],"wp:attachment":[{"href":"https:\/\/military-classic-auction.com\/en\/wp-json\/wp\/v2\/media?parent=14896"}],"wp:term":[{"taxonomy":"product_brand","embeddable":true,"href":"https:\/\/military-classic-auction.com\/en\/wp-json\/wp\/v2\/product_brand?post=14896"},{"taxonomy":"product_cat","embeddable":true,"href":"https:\/\/military-classic-auction.com\/en\/wp-json\/wp\/v2\/product_cat?post=14896"},{"taxonomy":"product_tag","embeddable":true,"href":"https:\/\/military-classic-auction.com\/en\/wp-json\/wp\/v2\/product_tag?post=14896"}],"curies":[{"name":"wp","href":"https:\/\/api.w.org\/{rel}","templated":true}]}}