{"id":14893,"date":"2024-12-12T02:08:54","date_gmt":"2024-12-12T00:08:54","guid":{"rendered":"https:\/\/military-classic-auction.com\/?post_type=product&#038;p=14893"},"modified":"2024-12-21T00:33:19","modified_gmt":"2024-12-20T22:33:19","slug":"quartiers-generaux-des-allies-bastogne-2","status":"publish","type":"product","link":"https:\/\/military-classic-auction.com\/en\/product\/quartiers-generaux-des-allies-bastogne-2\/","title":{"rendered":"Quartiers g\u00e9n\u00e9raux des alli\u00e9s &#8211; Bastogne"},"content":{"rendered":"<p>Quartiers g\u00e9n\u00e9raux des alli\u00e9s &#8211; Bastogne<br \/>\nLe mus\u00e9e \u00ab\u00a0Bastogne Barracks\u00a0\u00bb se trouve \u00e0 l&#8217;emplacement de cette caserne.<br \/>\nGrande dimension : 50cm x 35cm (environ) &#8211; \u00c9paisseur : 15mm<br \/>\n(En l&rsquo;\u00e9tat, usures, taches)<br \/>\n&#8211;<br \/>\nLarge dimension : 19,6&Prime; x 13,7&Prime; (approximately) &#8211; Thickness : 0,59&Prime;<\/p>","protected":false},"excerpt":{"rendered":"<p>Quartiers g\u00e9n\u00e9raux des alli\u00e9s &#8211; Bastogne Le mus\u00e9e \u00ab\u00a0Bastogne Barracks\u00a0\u00bb se trouve \u00e0 l&#8217;emplacement de cette caserne. Grande dimension : 50cm x 35cm (environ) &#8211; \u00c9paisseur : 15mm (En l&rsquo;\u00e9tat, usures, taches) &#8211; Large dimension : 19,6&Prime; x 13,7&Prime; (approximately) &#8211; Thickness : 0,59&Prime;<\/p>","protected":false},"featured_media":14632,"template":"","meta":[],"product_brand":[],"product_cat":[76],"product_tag":[],"class_list":{"0":"post-14893","1":"product","2":"type-product","3":"status-publish","4":"has-post-thumbnail","6":"product_cat-christmas-in-bastogne","8":"first","9":"instock","10":"sold-individually","11":"purchasable","12":"product-type-auction"},"aioseo_notices":[],"_links":{"self":[{"href":"https:\/\/military-classic-auction.com\/en\/wp-json\/wp\/v2\/product\/14893","targetHints":{"allow":["GET"]}}],"collection":[{"href":"https:\/\/military-classic-auction.com\/en\/wp-json\/wp\/v2\/product"}],"about":[{"href":"https:\/\/military-classic-auction.com\/en\/wp-json\/wp\/v2\/types\/product"}],"wp:featuredmedia":[{"embeddable":true,"href":"https:\/\/military-classic-auction.com\/en\/wp-json\/wp\/v2\/media\/14632"}],"wp:attachment":[{"href":"https:\/\/military-classic-auction.com\/en\/wp-json\/wp\/v2\/media?parent=14893"}],"wp:term":[{"taxonomy":"product_brand","embeddable":true,"href":"https:\/\/military-classic-auction.com\/en\/wp-json\/wp\/v2\/product_brand?post=14893"},{"taxonomy":"product_cat","embeddable":true,"href":"https:\/\/military-classic-auction.com\/en\/wp-json\/wp\/v2\/product_cat?post=14893"},{"taxonomy":"product_tag","embeddable":true,"href":"https:\/\/military-classic-auction.com\/en\/wp-json\/wp\/v2\/product_tag?post=14893"}],"curies":[{"name":"wp","href":"https:\/\/api.w.org\/{rel}","templated":true}]}}