{"id":14892,"date":"2024-12-12T02:08:53","date_gmt":"2024-12-12T00:08:53","guid":{"rendered":"https:\/\/military-classic-auction.com\/?post_type=product&#038;p=14892"},"modified":"2024-12-12T02:08:53","modified_gmt":"2024-12-12T00:08:53","slug":"portrait-du-general-patton-19-avril-1945-2","status":"publish","type":"product","link":"https:\/\/military-classic-auction.com\/en\/product\/portrait-du-general-patton-19-avril-1945-2\/","title":{"rendered":"Portrait du G\u00e9n\u00e9ral Patton &#8211; 19 avril 1945"},"content":{"rendered":"<p>Portrait du G\u00e9n\u00e9ral Patton &#8211; 19 avril 1945<br \/>\nLieu : Hershfeld &#8211; Allemagne<br \/>\nGrande dimension : 60cm x 48cm (environ) &#8211; \u00c9paisseur : 15mm<br \/>\n(En l&rsquo;\u00e9tat, usures, manques, taches)<br \/>\n&#8211;<br \/>\nLarge dimension : 23,6&Prime; x 18,9&Prime; (approximately) &#8211; Thickness : 0,59&Prime;<\/p>","protected":false},"excerpt":{"rendered":"<p>Portrait du G\u00e9n\u00e9ral Patton &#8211; 19 avril 1945 Lieu : Hershfeld &#8211; Allemagne Grande dimension : 60cm x 48cm (environ) &#8211; \u00c9paisseur : 15mm (En l&rsquo;\u00e9tat, usures, manques, taches) &#8211; Large dimension : 23,6&Prime; x 18,9&Prime; (approximately) &#8211; Thickness : 0,59&Prime;<\/p>","protected":false},"featured_media":14628,"template":"","meta":[],"product_brand":[],"product_cat":[76],"product_tag":[],"class_list":{"0":"post-14892","1":"product","2":"type-product","3":"status-publish","4":"has-post-thumbnail","6":"product_cat-christmas-in-bastogne","8":"first","9":"instock","10":"sold-individually","11":"purchasable","12":"product-type-auction"},"aioseo_notices":[],"_links":{"self":[{"href":"https:\/\/military-classic-auction.com\/en\/wp-json\/wp\/v2\/product\/14892","targetHints":{"allow":["GET"]}}],"collection":[{"href":"https:\/\/military-classic-auction.com\/en\/wp-json\/wp\/v2\/product"}],"about":[{"href":"https:\/\/military-classic-auction.com\/en\/wp-json\/wp\/v2\/types\/product"}],"wp:featuredmedia":[{"embeddable":true,"href":"https:\/\/military-classic-auction.com\/en\/wp-json\/wp\/v2\/media\/14628"}],"wp:attachment":[{"href":"https:\/\/military-classic-auction.com\/en\/wp-json\/wp\/v2\/media?parent=14892"}],"wp:term":[{"taxonomy":"product_brand","embeddable":true,"href":"https:\/\/military-classic-auction.com\/en\/wp-json\/wp\/v2\/product_brand?post=14892"},{"taxonomy":"product_cat","embeddable":true,"href":"https:\/\/military-classic-auction.com\/en\/wp-json\/wp\/v2\/product_cat?post=14892"},{"taxonomy":"product_tag","embeddable":true,"href":"https:\/\/military-classic-auction.com\/en\/wp-json\/wp\/v2\/product_tag?post=14892"}],"curies":[{"name":"wp","href":"https:\/\/api.w.org\/{rel}","templated":true}]}}