{"id":14879,"date":"2024-12-12T02:08:37","date_gmt":"2024-12-12T00:08:37","guid":{"rendered":"https:\/\/military-classic-auction.com\/?post_type=product&#038;p=14879"},"modified":"2024-12-12T02:08:38","modified_gmt":"2024-12-12T00:08:38","slug":"le-general-anthony-mcauliffe-et-son-personnel-en-train-de-diner-2","status":"publish","type":"product","link":"https:\/\/military-classic-auction.com\/en\/product\/le-general-anthony-mcauliffe-et-son-personnel-en-train-de-diner-2\/","title":{"rendered":"Le g\u00e9n\u00e9ral Anthony McAuliffe et son personnel en train de diner"},"content":{"rendered":"<p>Le g\u00e9n\u00e9ral Anthony McAuliffe et son personnel en train de diner<br \/>\nSi\u00e8ge de Bastogne &#8211; 24 d\u00e9cembre 1944<br \/>\nGrande dimension : 49,5cm x 40cm (environ) &#8211; \u00c9paisseur : 15mm<br \/>\n(En l&rsquo;\u00e9tat, usures)<br \/>\n&#8211;<br \/>\nLarge dimension : 19,4&Prime; x 15,7&Prime; (approximately) &#8211; Thickness : 0,59&Prime;<\/p>","protected":false},"excerpt":{"rendered":"<p>Le g\u00e9n\u00e9ral Anthony McAuliffe et son personnel en train de diner Si\u00e8ge de Bastogne &#8211; 24 d\u00e9cembre 1944 Grande dimension : 49,5cm x 40cm (environ) &#8211; \u00c9paisseur : 15mm (En l&rsquo;\u00e9tat, usures) &#8211; Large dimension : 19,4&Prime; x 15,7&Prime; (approximately) &#8211; Thickness : 0,59&Prime;<\/p>","protected":false},"featured_media":14573,"template":"","meta":[],"product_brand":[],"product_cat":[76],"product_tag":[],"class_list":{"0":"post-14879","1":"product","2":"type-product","3":"status-publish","4":"has-post-thumbnail","6":"product_cat-christmas-in-bastogne","8":"first","9":"instock","10":"sold-individually","11":"purchasable","12":"product-type-auction"},"aioseo_notices":[],"_links":{"self":[{"href":"https:\/\/military-classic-auction.com\/en\/wp-json\/wp\/v2\/product\/14879","targetHints":{"allow":["GET"]}}],"collection":[{"href":"https:\/\/military-classic-auction.com\/en\/wp-json\/wp\/v2\/product"}],"about":[{"href":"https:\/\/military-classic-auction.com\/en\/wp-json\/wp\/v2\/types\/product"}],"wp:featuredmedia":[{"embeddable":true,"href":"https:\/\/military-classic-auction.com\/en\/wp-json\/wp\/v2\/media\/14573"}],"wp:attachment":[{"href":"https:\/\/military-classic-auction.com\/en\/wp-json\/wp\/v2\/media?parent=14879"}],"wp:term":[{"taxonomy":"product_brand","embeddable":true,"href":"https:\/\/military-classic-auction.com\/en\/wp-json\/wp\/v2\/product_brand?post=14879"},{"taxonomy":"product_cat","embeddable":true,"href":"https:\/\/military-classic-auction.com\/en\/wp-json\/wp\/v2\/product_cat?post=14879"},{"taxonomy":"product_tag","embeddable":true,"href":"https:\/\/military-classic-auction.com\/en\/wp-json\/wp\/v2\/product_tag?post=14879"}],"curies":[{"name":"wp","href":"https:\/\/api.w.org\/{rel}","templated":true}]}}