{"id":14866,"date":"2024-12-12T02:08:19","date_gmt":"2024-12-12T00:08:19","guid":{"rendered":"https:\/\/military-classic-auction.com\/?post_type=product&#038;p=14866"},"modified":"2024-12-12T02:08:19","modified_gmt":"2024-12-12T00:08:19","slug":"gis-en-position-de-tir-bastogne-1944-2","status":"publish","type":"product","link":"https:\/\/military-classic-auction.com\/en\/product\/gis-en-position-de-tir-bastogne-1944-2\/","title":{"rendered":"Gi&rsquo;s en position de tir &#8211; Bastogne 1944"},"content":{"rendered":"<p>Gi&rsquo;s en position de tir &#8211; Bastogne 1944<br \/>\nFantassins du 10e r\u00e9giment d&rsquo;infanterie &#8211; 4\u00e8me division blind\u00e9e tirant sur les troupes allemandes.<br \/>\nGrande dimension : 79,5cm x 62cm (environ) &#8211; \u00c9paisseur : 18mm<br \/>\n(En l&rsquo;\u00e9tat, usures, taches)<br \/>\n&#8211;<br \/>\nLarge dimension : 31,3&Prime; x 24,4&Prime; (approximately) &#8211; Thickness : 0,7&Prime;<\/p>","protected":false},"excerpt":{"rendered":"<p>Gi&rsquo;s en position de tir &#8211; Bastogne 1944 Fantassins du 10e r\u00e9giment d&rsquo;infanterie &#8211; 4\u00e8me division blind\u00e9e tirant sur les troupes allemandes. Grande dimension : 79,5cm x 62cm (environ) &#8211; \u00c9paisseur : 18mm (En l&rsquo;\u00e9tat, usures, taches) &#8211; Large dimension : 31,3&Prime; x 24,4&Prime; (approximately) &#8211; Thickness : 0,7&Prime;<\/p>","protected":false},"featured_media":14521,"template":"","meta":[],"product_brand":[],"product_cat":[76],"product_tag":[],"class_list":{"0":"post-14866","1":"product","2":"type-product","3":"status-publish","4":"has-post-thumbnail","6":"product_cat-christmas-in-bastogne","8":"first","9":"instock","10":"sold-individually","11":"purchasable","12":"product-type-auction"},"aioseo_notices":[],"_links":{"self":[{"href":"https:\/\/military-classic-auction.com\/en\/wp-json\/wp\/v2\/product\/14866","targetHints":{"allow":["GET"]}}],"collection":[{"href":"https:\/\/military-classic-auction.com\/en\/wp-json\/wp\/v2\/product"}],"about":[{"href":"https:\/\/military-classic-auction.com\/en\/wp-json\/wp\/v2\/types\/product"}],"wp:featuredmedia":[{"embeddable":true,"href":"https:\/\/military-classic-auction.com\/en\/wp-json\/wp\/v2\/media\/14521"}],"wp:attachment":[{"href":"https:\/\/military-classic-auction.com\/en\/wp-json\/wp\/v2\/media?parent=14866"}],"wp:term":[{"taxonomy":"product_brand","embeddable":true,"href":"https:\/\/military-classic-auction.com\/en\/wp-json\/wp\/v2\/product_brand?post=14866"},{"taxonomy":"product_cat","embeddable":true,"href":"https:\/\/military-classic-auction.com\/en\/wp-json\/wp\/v2\/product_cat?post=14866"},{"taxonomy":"product_tag","embeddable":true,"href":"https:\/\/military-classic-auction.com\/en\/wp-json\/wp\/v2\/product_tag?post=14866"}],"curies":[{"name":"wp","href":"https:\/\/api.w.org\/{rel}","templated":true}]}}