{"id":14857,"date":"2024-12-12T02:08:07","date_gmt":"2024-12-12T00:08:07","guid":{"rendered":"https:\/\/military-classic-auction.com\/?post_type=product&#038;p=14857"},"modified":"2024-12-12T02:08:08","modified_gmt":"2024-12-12T00:08:08","slug":"parachutage-des-troupes-alliees-bataille-des-ardennes-2","status":"publish","type":"product","link":"https:\/\/military-classic-auction.com\/en\/product\/parachutage-des-troupes-alliees-bataille-des-ardennes-2\/","title":{"rendered":"Parachutage des troupes alli\u00e9es &#8211; Bataille des Ardennes"},"content":{"rendered":"<p>Parachutage des troupes alli\u00e9es &#8211; Bataille des Ardennes<br \/>\nGrande dimension : 50cm x 32cm (environ) &#8211; \u00c9paisseur : 15mm<br \/>\n(En l&rsquo;\u00e9tat, usures)<br \/>\n&#8211;<br \/>\nLarge dimension : 19,6&Prime; x 12,6&Prime; (approximately) &#8211; Thickness : 0,59&Prime;<\/p>","protected":false},"excerpt":{"rendered":"<p>Parachutage des troupes alli\u00e9es &#8211; Bataille des Ardennes Grande dimension : 50cm x 32cm (environ) &#8211; \u00c9paisseur : 15mm (En l&rsquo;\u00e9tat, usures) &#8211; Large dimension : 19,6&Prime; x 12,6&Prime; (approximately) &#8211; Thickness : 0,59&Prime;<\/p>","protected":false},"featured_media":14482,"template":"","meta":[],"product_brand":[],"product_cat":[76],"product_tag":[],"class_list":{"0":"post-14857","1":"product","2":"type-product","3":"status-publish","4":"has-post-thumbnail","6":"product_cat-christmas-in-bastogne","8":"first","9":"instock","10":"sold-individually","11":"purchasable","12":"product-type-auction"},"aioseo_notices":[],"_links":{"self":[{"href":"https:\/\/military-classic-auction.com\/en\/wp-json\/wp\/v2\/product\/14857","targetHints":{"allow":["GET"]}}],"collection":[{"href":"https:\/\/military-classic-auction.com\/en\/wp-json\/wp\/v2\/product"}],"about":[{"href":"https:\/\/military-classic-auction.com\/en\/wp-json\/wp\/v2\/types\/product"}],"wp:featuredmedia":[{"embeddable":true,"href":"https:\/\/military-classic-auction.com\/en\/wp-json\/wp\/v2\/media\/14482"}],"wp:attachment":[{"href":"https:\/\/military-classic-auction.com\/en\/wp-json\/wp\/v2\/media?parent=14857"}],"wp:term":[{"taxonomy":"product_brand","embeddable":true,"href":"https:\/\/military-classic-auction.com\/en\/wp-json\/wp\/v2\/product_brand?post=14857"},{"taxonomy":"product_cat","embeddable":true,"href":"https:\/\/military-classic-auction.com\/en\/wp-json\/wp\/v2\/product_cat?post=14857"},{"taxonomy":"product_tag","embeddable":true,"href":"https:\/\/military-classic-auction.com\/en\/wp-json\/wp\/v2\/product_tag?post=14857"}],"curies":[{"name":"wp","href":"https:\/\/api.w.org\/{rel}","templated":true}]}}