{"id":14342,"date":"2024-09-27T11:29:53","date_gmt":"2024-09-27T11:29:53","guid":{"rendered":"https:\/\/military-classic-auction.com\/?post_type=product&#038;p=14342"},"modified":"2024-09-29T13:07:38","modified_gmt":"2024-09-29T11:07:38","slug":"soldats-americains-se-rechauffant-apres-les-combats-de-bastogne","status":"publish","type":"product","link":"https:\/\/military-classic-auction.com\/en\/product\/soldats-americains-se-rechauffant-apres-les-combats-de-bastogne\/","title":{"rendered":"Soldats am\u00e9ricains se r\u00e9chauffant apr\u00e8s les combats de Bastogne"},"content":{"rendered":"<p>Soldats am\u00e9ricains se r\u00e9chauffant apr\u00e8s les combats de Bastogne<br \/>\nMembres d&rsquo;\u00e9quipages anti-a\u00e9riens de la 6\u00e8me division blind\u00e9e &#038; les parachutistes de la 101e Airborne.<br \/>\nDimension : 35cm x 25cm (environ) &#8211; \u00c9paisseur : 18mm<br \/>\n(En l&rsquo;\u00e9tat, usures, taches)<br \/>\n&#8211;<br \/>\nDimension : 13,7&Prime; x 9,8&Prime; (approximately) &#8211; Thickness : 0,7&Prime;<\/p>","protected":false},"excerpt":{"rendered":"<p>Soldats am\u00e9ricains se r\u00e9chauffant apr\u00e8s les combats de Bastogne Membres d&rsquo;\u00e9quipages anti-a\u00e9riens de la 6\u00e8me division blind\u00e9e &#038; les parachutistes de la 101e Airborne. Dimension : 35cm x 25cm (environ) &#8211; \u00c9paisseur : 18mm (En l&rsquo;\u00e9tat, usures, taches) &#8211; Dimension : 13,7&Prime; x 9,8&Prime; (approximately) &#8211; Thickness : 0,7&Prime;<\/p>","protected":false},"featured_media":14040,"template":"","meta":[],"product_brand":[],"product_cat":[74],"product_tag":[],"class_list":{"0":"post-14342","1":"product","2":"type-product","3":"status-publish","4":"has-post-thumbnail","6":"product_cat-wartime-photos-collection","8":"first","9":"instock","10":"sold-individually","11":"purchasable","12":"product-type-auction"},"aioseo_notices":[],"_links":{"self":[{"href":"https:\/\/military-classic-auction.com\/en\/wp-json\/wp\/v2\/product\/14342","targetHints":{"allow":["GET"]}}],"collection":[{"href":"https:\/\/military-classic-auction.com\/en\/wp-json\/wp\/v2\/product"}],"about":[{"href":"https:\/\/military-classic-auction.com\/en\/wp-json\/wp\/v2\/types\/product"}],"wp:featuredmedia":[{"embeddable":true,"href":"https:\/\/military-classic-auction.com\/en\/wp-json\/wp\/v2\/media\/14040"}],"wp:attachment":[{"href":"https:\/\/military-classic-auction.com\/en\/wp-json\/wp\/v2\/media?parent=14342"}],"wp:term":[{"taxonomy":"product_brand","embeddable":true,"href":"https:\/\/military-classic-auction.com\/en\/wp-json\/wp\/v2\/product_brand?post=14342"},{"taxonomy":"product_cat","embeddable":true,"href":"https:\/\/military-classic-auction.com\/en\/wp-json\/wp\/v2\/product_cat?post=14342"},{"taxonomy":"product_tag","embeddable":true,"href":"https:\/\/military-classic-auction.com\/en\/wp-json\/wp\/v2\/product_tag?post=14342"}],"curies":[{"name":"wp","href":"https:\/\/api.w.org\/{rel}","templated":true}]}}