{"id":14340,"date":"2024-09-27T11:29:52","date_gmt":"2024-09-27T11:29:52","guid":{"rendered":"https:\/\/military-classic-auction.com\/?post_type=product&#038;p=14340"},"modified":"2024-09-27T11:29:53","modified_gmt":"2024-09-27T11:29:53","slug":"memorandum-receipt-viii-corps-bastogne-18-janvier-1945","status":"publish","type":"product","link":"https:\/\/military-classic-auction.com\/en\/product\/memorandum-receipt-viii-corps-bastogne-18-janvier-1945\/","title":{"rendered":"\u00ab\u00a0Memorandum Receipt VIII Corps\u00a0\u00bb &#8211; Bastogne &#8211; 18 janvier 1945"},"content":{"rendered":"<p>\u00ab\u00a0Memorandum Receipt VIII Corps\u00a0\u00bb &#8211; Bastogne &#8211; 18 janvier 1945<br \/>\nRe\u00e7u de la 101st Airborne Division sign\u00e9 par le G\u00e9n\u00e9ral Troy H. Middleton.<br \/>\nDimension : 36cm x 24cm (environ) &#8211; \u00c9paisseur : 15mm<br \/>\n(En l&rsquo;\u00e9tat, usures, taches)<br \/>\n&#8211;<br \/>\nDimension : 14,1&Prime; x 9,4&Prime; (approximately) &#8211; Thickness : 0,59&Prime;<\/p>","protected":false},"excerpt":{"rendered":"<p>\u00ab\u00a0Memorandum Receipt VIII Corps\u00a0\u00bb &#8211; Bastogne &#8211; 18 janvier 1945 Re\u00e7u de la 101st Airborne Division sign\u00e9 par le G\u00e9n\u00e9ral Troy H. Middleton. Dimension : 36cm x 24cm (environ) &#8211; \u00c9paisseur : 15mm (En l&rsquo;\u00e9tat, usures, taches) &#8211; Dimension : 14,1&Prime; x 9,4&Prime; (approximately) &#8211; Thickness : 0,59&Prime;<\/p>","protected":false},"featured_media":14032,"template":"","meta":[],"product_brand":[],"product_cat":[74],"product_tag":[],"class_list":{"0":"post-14340","1":"product","2":"type-product","3":"status-publish","4":"has-post-thumbnail","6":"product_cat-wartime-photos-collection","8":"first","9":"instock","10":"sold-individually","11":"purchasable","12":"product-type-auction"},"aioseo_notices":[],"_links":{"self":[{"href":"https:\/\/military-classic-auction.com\/en\/wp-json\/wp\/v2\/product\/14340","targetHints":{"allow":["GET"]}}],"collection":[{"href":"https:\/\/military-classic-auction.com\/en\/wp-json\/wp\/v2\/product"}],"about":[{"href":"https:\/\/military-classic-auction.com\/en\/wp-json\/wp\/v2\/types\/product"}],"wp:featuredmedia":[{"embeddable":true,"href":"https:\/\/military-classic-auction.com\/en\/wp-json\/wp\/v2\/media\/14032"}],"wp:attachment":[{"href":"https:\/\/military-classic-auction.com\/en\/wp-json\/wp\/v2\/media?parent=14340"}],"wp:term":[{"taxonomy":"product_brand","embeddable":true,"href":"https:\/\/military-classic-auction.com\/en\/wp-json\/wp\/v2\/product_brand?post=14340"},{"taxonomy":"product_cat","embeddable":true,"href":"https:\/\/military-classic-auction.com\/en\/wp-json\/wp\/v2\/product_cat?post=14340"},{"taxonomy":"product_tag","embeddable":true,"href":"https:\/\/military-classic-auction.com\/en\/wp-json\/wp\/v2\/product_tag?post=14340"}],"curies":[{"name":"wp","href":"https:\/\/api.w.org\/{rel}","templated":true}]}}