{"id":14339,"date":"2024-09-27T11:29:51","date_gmt":"2024-09-27T11:29:51","guid":{"rendered":"https:\/\/military-classic-auction.com\/?post_type=product&#038;p=14339"},"modified":"2024-10-05T01:42:43","modified_gmt":"2024-10-04T23:42:43","slug":"battered-bastards-of-bastogne","status":"publish","type":"product","link":"https:\/\/military-classic-auction.com\/en\/product\/battered-bastards-of-bastogne\/","title":{"rendered":"\u00ab\u00a0Battered Bastards of Bastogne\u00a0\u00bb"},"content":{"rendered":"<p>\u00ab\u00a0Battered Bastards of Bastogne\u00a0\u00bb<br \/>\nLe g\u00e9n\u00e9ral Patton f\u00e9licite les officiers de la 101st Airborne Division.<br \/>\nAnnotation pr\u00e9sente en bas \u00e0 gauche.<br \/>\n=> G\u00e9n\u00e9ral de brigade Charles Solomon Kilburn (2 janvier 1895 &#8211; 28 d\u00e9cembre 1978)<br \/>\n11th Armored Division<br \/>\nGrande dimension : 50cm x 40cm (environ) &#8211; \u00c9paisseur : 15mm<br \/>\n(En l&rsquo;\u00e9tat, usures, tache)<br \/>\n&#8211;<br \/>\nLarge dimension : 19,6&Prime; x 15,7&Prime; (approximately) &#8211; Thickness : 0,59&Prime;<\/p>","protected":false},"excerpt":{"rendered":"<p>\u00ab\u00a0Battered Bastards of Bastogne\u00a0\u00bb Le g\u00e9n\u00e9ral Patton f\u00e9licite les officiers de la 101st Airborne Division. Annotation pr\u00e9sente en bas \u00e0 gauche. => G\u00e9n\u00e9ral de brigade Charles Solomon Kilburn (2 janvier 1895 &#8211; 28 d\u00e9cembre 1978) 11th Armored Division Grande dimension : 50cm x 40cm (environ) &#8211; \u00c9paisseur : 15mm (En l&rsquo;\u00e9tat, usures, tache) &#8211; Large<a class=\"more-link\" href=\"https:\/\/military-classic-auction.com\/en\/product\/battered-bastards-of-bastogne\/\">Read more  &#10230;<\/a><\/p>","protected":false},"featured_media":14028,"template":"","meta":[],"product_brand":[],"product_cat":[74],"product_tag":[],"class_list":{"0":"post-14339","1":"product","2":"type-product","3":"status-publish","4":"has-post-thumbnail","6":"product_cat-wartime-photos-collection","8":"first","9":"instock","10":"sold-individually","11":"purchasable","12":"product-type-auction"},"aioseo_notices":[],"_links":{"self":[{"href":"https:\/\/military-classic-auction.com\/en\/wp-json\/wp\/v2\/product\/14339","targetHints":{"allow":["GET"]}}],"collection":[{"href":"https:\/\/military-classic-auction.com\/en\/wp-json\/wp\/v2\/product"}],"about":[{"href":"https:\/\/military-classic-auction.com\/en\/wp-json\/wp\/v2\/types\/product"}],"wp:featuredmedia":[{"embeddable":true,"href":"https:\/\/military-classic-auction.com\/en\/wp-json\/wp\/v2\/media\/14028"}],"wp:attachment":[{"href":"https:\/\/military-classic-auction.com\/en\/wp-json\/wp\/v2\/media?parent=14339"}],"wp:term":[{"taxonomy":"product_brand","embeddable":true,"href":"https:\/\/military-classic-auction.com\/en\/wp-json\/wp\/v2\/product_brand?post=14339"},{"taxonomy":"product_cat","embeddable":true,"href":"https:\/\/military-classic-auction.com\/en\/wp-json\/wp\/v2\/product_cat?post=14339"},{"taxonomy":"product_tag","embeddable":true,"href":"https:\/\/military-classic-auction.com\/en\/wp-json\/wp\/v2\/product_tag?post=14339"}],"curies":[{"name":"wp","href":"https:\/\/api.w.org\/{rel}","templated":true}]}}