{"id":14326,"date":"2024-09-27T11:29:35","date_gmt":"2024-09-27T11:29:35","guid":{"rendered":"https:\/\/military-classic-auction.com\/?post_type=product&#038;p=14326"},"modified":"2024-10-05T11:55:30","modified_gmt":"2024-10-05T09:55:30","slug":"ambulance-americaine-dans-une-rue-de-bastogne","status":"publish","type":"product","link":"https:\/\/military-classic-auction.com\/en\/product\/ambulance-americaine-dans-une-rue-de-bastogne\/","title":{"rendered":"Ambulance am\u00e9ricaine dans une rue de Bastogne"},"content":{"rendered":"<p>Ambulance am\u00e9ricaine dans une rue de Bastogne<br \/>\nDimension : 36cm x 24cm (environ) &#8211; \u00c9paisseur : 17mm<br \/>\n(En l&rsquo;\u00e9tat, usures, taches)<br \/>\n&#8211;<br \/>\nDimension : 14,1&Prime; x 9,4&Prime; (approximately) &#8211; Thickness : 0,66&Prime;<\/p>","protected":false},"excerpt":{"rendered":"<p>Ambulance am\u00e9ricaine dans une rue de Bastogne Dimension : 36cm x 24cm (environ) &#8211; \u00c9paisseur : 17mm (En l&rsquo;\u00e9tat, usures, taches) &#8211; Dimension : 14,1&Prime; x 9,4&Prime; (approximately) &#8211; Thickness : 0,66&Prime;<\/p>","protected":false},"featured_media":13974,"template":"","meta":[],"product_brand":[],"product_cat":[74],"product_tag":[],"class_list":{"0":"post-14326","1":"product","2":"type-product","3":"status-publish","4":"has-post-thumbnail","6":"product_cat-wartime-photos-collection","8":"first","9":"instock","10":"sold-individually","11":"purchasable","12":"product-type-auction"},"aioseo_notices":[],"_links":{"self":[{"href":"https:\/\/military-classic-auction.com\/en\/wp-json\/wp\/v2\/product\/14326","targetHints":{"allow":["GET"]}}],"collection":[{"href":"https:\/\/military-classic-auction.com\/en\/wp-json\/wp\/v2\/product"}],"about":[{"href":"https:\/\/military-classic-auction.com\/en\/wp-json\/wp\/v2\/types\/product"}],"wp:featuredmedia":[{"embeddable":true,"href":"https:\/\/military-classic-auction.com\/en\/wp-json\/wp\/v2\/media\/13974"}],"wp:attachment":[{"href":"https:\/\/military-classic-auction.com\/en\/wp-json\/wp\/v2\/media?parent=14326"}],"wp:term":[{"taxonomy":"product_brand","embeddable":true,"href":"https:\/\/military-classic-auction.com\/en\/wp-json\/wp\/v2\/product_brand?post=14326"},{"taxonomy":"product_cat","embeddable":true,"href":"https:\/\/military-classic-auction.com\/en\/wp-json\/wp\/v2\/product_cat?post=14326"},{"taxonomy":"product_tag","embeddable":true,"href":"https:\/\/military-classic-auction.com\/en\/wp-json\/wp\/v2\/product_tag?post=14326"}],"curies":[{"name":"wp","href":"https:\/\/api.w.org\/{rel}","templated":true}]}}