{"id":14324,"date":"2024-09-27T11:29:34","date_gmt":"2024-09-27T11:29:34","guid":{"rendered":"https:\/\/military-classic-auction.com\/?post_type=product&#038;p=14324"},"modified":"2024-09-27T11:29:34","modified_gmt":"2024-09-27T11:29:34","slug":"soldat-americain-a-proximite-dune-explosion","status":"publish","type":"product","link":"https:\/\/military-classic-auction.com\/en\/product\/soldat-americain-a-proximite-dune-explosion\/","title":{"rendered":"Soldat am\u00e9ricain \u00e0 proximit\u00e9 d&rsquo;une explosion"},"content":{"rendered":"<p>Soldat am\u00e9ricain \u00e0 proximit\u00e9 d&rsquo;une explosion<br \/>\nGrande dimension : 60cm x 50cm (environ) &#8211; \u00c9paisseur : 18mm<br \/>\nEn l&rsquo;\u00e9tat, usures, accroc)<br \/>\n&#8211;<br \/>\nLarge dimension : 23,6&Prime; x 19,6&Prime; (approximately) &#8211; Thickness : 0,7&Prime;<\/p>","protected":false},"excerpt":{"rendered":"<p>Soldat am\u00e9ricain \u00e0 proximit\u00e9 d&rsquo;une explosion Grande dimension : 60cm x 50cm (environ) &#8211; \u00c9paisseur : 18mm En l&rsquo;\u00e9tat, usures, accroc) &#8211; Large dimension : 23,6&Prime; x 19,6&Prime; (approximately) &#8211; Thickness : 0,7&Prime;<\/p>","protected":false},"featured_media":13966,"template":"","meta":[],"product_brand":[],"product_cat":[74],"product_tag":[],"class_list":{"0":"post-14324","1":"product","2":"type-product","3":"status-publish","4":"has-post-thumbnail","6":"product_cat-wartime-photos-collection","8":"first","9":"instock","10":"sold-individually","11":"purchasable","12":"product-type-auction"},"aioseo_notices":[],"_links":{"self":[{"href":"https:\/\/military-classic-auction.com\/en\/wp-json\/wp\/v2\/product\/14324","targetHints":{"allow":["GET"]}}],"collection":[{"href":"https:\/\/military-classic-auction.com\/en\/wp-json\/wp\/v2\/product"}],"about":[{"href":"https:\/\/military-classic-auction.com\/en\/wp-json\/wp\/v2\/types\/product"}],"wp:featuredmedia":[{"embeddable":true,"href":"https:\/\/military-classic-auction.com\/en\/wp-json\/wp\/v2\/media\/13966"}],"wp:attachment":[{"href":"https:\/\/military-classic-auction.com\/en\/wp-json\/wp\/v2\/media?parent=14324"}],"wp:term":[{"taxonomy":"product_brand","embeddable":true,"href":"https:\/\/military-classic-auction.com\/en\/wp-json\/wp\/v2\/product_brand?post=14324"},{"taxonomy":"product_cat","embeddable":true,"href":"https:\/\/military-classic-auction.com\/en\/wp-json\/wp\/v2\/product_cat?post=14324"},{"taxonomy":"product_tag","embeddable":true,"href":"https:\/\/military-classic-auction.com\/en\/wp-json\/wp\/v2\/product_tag?post=14324"}],"curies":[{"name":"wp","href":"https:\/\/api.w.org\/{rel}","templated":true}]}}