{"id":14320,"date":"2024-09-27T11:29:30","date_gmt":"2024-09-27T11:29:30","guid":{"rendered":"https:\/\/military-classic-auction.com\/?post_type=product&#038;p=14320"},"modified":"2024-10-05T11:54:01","modified_gmt":"2024-10-05T09:54:01","slug":"11eme-division-blindee-en-peripherie-de-bastogne","status":"publish","type":"product","link":"https:\/\/military-classic-auction.com\/en\/product\/11eme-division-blindee-en-peripherie-de-bastogne\/","title":{"rendered":"11\u00e8me Division Blind\u00e9e en p\u00e9riph\u00e9rie de Bastogne"},"content":{"rendered":"<p>11\u00e8me Division Blind\u00e9e en p\u00e9riph\u00e9rie de Bastogne<br \/>\nGrande dimension : 49,5cm x 34,5cm (environ) &#8211; \u00c9paisseur : 15mm<br \/>\n(En l&rsquo;\u00e9tat, usures)<br \/>\n&#8211;<br \/>\nLarge dimension : 19,4&Prime; x 13,5&Prime; (approximately) &#8211; Thickness : 0,59&Prime;<\/p>","protected":false},"excerpt":{"rendered":"<p>11\u00e8me Division Blind\u00e9e en p\u00e9riph\u00e9rie de Bastogne Grande dimension : 49,5cm x 34,5cm (environ) &#8211; \u00c9paisseur : 15mm (En l&rsquo;\u00e9tat, usures) &#8211; Large dimension : 19,4&Prime; x 13,5&Prime; (approximately) &#8211; Thickness : 0,59&Prime;<\/p>","protected":false},"featured_media":13949,"template":"","meta":[],"product_brand":[],"product_cat":[74],"product_tag":[],"class_list":{"0":"post-14320","1":"product","2":"type-product","3":"status-publish","4":"has-post-thumbnail","6":"product_cat-wartime-photos-collection","8":"first","9":"instock","10":"sold-individually","11":"purchasable","12":"product-type-auction"},"aioseo_notices":[],"_links":{"self":[{"href":"https:\/\/military-classic-auction.com\/en\/wp-json\/wp\/v2\/product\/14320","targetHints":{"allow":["GET"]}}],"collection":[{"href":"https:\/\/military-classic-auction.com\/en\/wp-json\/wp\/v2\/product"}],"about":[{"href":"https:\/\/military-classic-auction.com\/en\/wp-json\/wp\/v2\/types\/product"}],"wp:featuredmedia":[{"embeddable":true,"href":"https:\/\/military-classic-auction.com\/en\/wp-json\/wp\/v2\/media\/13949"}],"wp:attachment":[{"href":"https:\/\/military-classic-auction.com\/en\/wp-json\/wp\/v2\/media?parent=14320"}],"wp:term":[{"taxonomy":"product_brand","embeddable":true,"href":"https:\/\/military-classic-auction.com\/en\/wp-json\/wp\/v2\/product_brand?post=14320"},{"taxonomy":"product_cat","embeddable":true,"href":"https:\/\/military-classic-auction.com\/en\/wp-json\/wp\/v2\/product_cat?post=14320"},{"taxonomy":"product_tag","embeddable":true,"href":"https:\/\/military-classic-auction.com\/en\/wp-json\/wp\/v2\/product_tag?post=14320"}],"curies":[{"name":"wp","href":"https:\/\/api.w.org\/{rel}","templated":true}]}}