{"id":14309,"date":"2024-09-27T11:29:20","date_gmt":"2024-09-27T11:29:20","guid":{"rendered":"https:\/\/military-classic-auction.com\/?post_type=product&#038;p=14309"},"modified":"2024-09-29T13:05:05","modified_gmt":"2024-09-29T11:05:05","slug":"soldats-de-la-waffen-ss-en-action-bataille-des-ardennes-1944","status":"publish","type":"product","link":"https:\/\/military-classic-auction.com\/en\/product\/soldats-de-la-waffen-ss-en-action-bataille-des-ardennes-1944\/","title":{"rendered":"Soldats de la Waffen SS en action &#8211; Bataille des Ardennes 1944"},"content":{"rendered":"<p>Soldats de la Waffen SS en action &#8211; Bataille des Ardennes 1944<br \/>\n18 d\u00e9cembre 1944 &#8211; Panzergrenadier-SS<br \/>\nGrande dimension : 50cm x 32cm (environ) &#8211; \u00c9paisseur : 15mm<br \/>\n(En l&rsquo;\u00e9tat, usures)<br \/>\n&#8211;<br \/>\nLarge dimension : 19,6&Prime; x 12,6&Prime; (approximately) &#8211; Thickness : 0,59&Prime;<\/p>","protected":false},"excerpt":{"rendered":"<p>Soldats de la Waffen SS en action &#8211; Bataille des Ardennes 1944 18 d\u00e9cembre 1944 &#8211; Panzergrenadier-SS Grande dimension : 50cm x 32cm (environ) &#8211; \u00c9paisseur : 15mm (En l&rsquo;\u00e9tat, usures) &#8211; Large dimension : 19,6&Prime; x 12,6&Prime; (approximately) &#8211; Thickness : 0,59&Prime;<\/p>","protected":false},"featured_media":13901,"template":"","meta":[],"product_brand":[],"product_cat":[74],"product_tag":[],"class_list":{"0":"post-14309","1":"product","2":"type-product","3":"status-publish","4":"has-post-thumbnail","6":"product_cat-wartime-photos-collection","8":"first","9":"instock","10":"sold-individually","11":"purchasable","12":"product-type-auction"},"aioseo_notices":[],"_links":{"self":[{"href":"https:\/\/military-classic-auction.com\/en\/wp-json\/wp\/v2\/product\/14309","targetHints":{"allow":["GET"]}}],"collection":[{"href":"https:\/\/military-classic-auction.com\/en\/wp-json\/wp\/v2\/product"}],"about":[{"href":"https:\/\/military-classic-auction.com\/en\/wp-json\/wp\/v2\/types\/product"}],"wp:featuredmedia":[{"embeddable":true,"href":"https:\/\/military-classic-auction.com\/en\/wp-json\/wp\/v2\/media\/13901"}],"wp:attachment":[{"href":"https:\/\/military-classic-auction.com\/en\/wp-json\/wp\/v2\/media?parent=14309"}],"wp:term":[{"taxonomy":"product_brand","embeddable":true,"href":"https:\/\/military-classic-auction.com\/en\/wp-json\/wp\/v2\/product_brand?post=14309"},{"taxonomy":"product_cat","embeddable":true,"href":"https:\/\/military-classic-auction.com\/en\/wp-json\/wp\/v2\/product_cat?post=14309"},{"taxonomy":"product_tag","embeddable":true,"href":"https:\/\/military-classic-auction.com\/en\/wp-json\/wp\/v2\/product_tag?post=14309"}],"curies":[{"name":"wp","href":"https:\/\/api.w.org\/{rel}","templated":true}]}}