{"id":14306,"date":"2024-09-27T11:29:16","date_gmt":"2024-09-27T11:29:16","guid":{"rendered":"https:\/\/military-classic-auction.com\/?post_type=product&#038;p=14306"},"modified":"2024-09-27T11:29:17","modified_gmt":"2024-09-27T11:29:17","slug":"portrait-du-general-gerd-von-rundstedt","status":"publish","type":"product","link":"https:\/\/military-classic-auction.com\/en\/product\/portrait-du-general-gerd-von-rundstedt\/","title":{"rendered":"Portrait du G\u00e9n\u00e9ral Gerd von Rundstedt"},"content":{"rendered":"<p>Portrait du G\u00e9n\u00e9ral Gerd von Rundstedt<br \/>\n(12 d\u00e9cembre 1875 &#8211; 24 f\u00e9vrier 1953)<br \/>\nClich\u00e9 pris en 1941 &#8211; Probablement pr\u00e8s de Kiev.<br \/>\nGrande dimension : 100cm x 47cm (environ) &#8211; \u00c9paisseur : 18mm<br \/>\n(En l&rsquo;\u00e9tat, usures, taches)<br \/>\n&#8211;<br \/>\nLarge dimension : 39,3&Prime; x 18,5&Prime; (approximately) &#8211; Thickness : 0,7&Prime;<\/p>","protected":false},"excerpt":{"rendered":"<p>Portrait du G\u00e9n\u00e9ral Gerd von Rundstedt (12 d\u00e9cembre 1875 &#8211; 24 f\u00e9vrier 1953) Clich\u00e9 pris en 1941 &#8211; Probablement pr\u00e8s de Kiev. Grande dimension : 100cm x 47cm (environ) &#8211; \u00c9paisseur : 18mm (En l&rsquo;\u00e9tat, usures, taches) &#8211; Large dimension : 39,3&Prime; x 18,5&Prime; (approximately) &#8211; Thickness : 0,7&Prime;<\/p>","protected":false},"featured_media":13890,"template":"","meta":[],"product_brand":[],"product_cat":[74],"product_tag":[],"class_list":{"0":"post-14306","1":"product","2":"type-product","3":"status-publish","4":"has-post-thumbnail","6":"product_cat-wartime-photos-collection","8":"first","9":"instock","10":"sold-individually","11":"purchasable","12":"product-type-auction"},"aioseo_notices":[],"_links":{"self":[{"href":"https:\/\/military-classic-auction.com\/en\/wp-json\/wp\/v2\/product\/14306","targetHints":{"allow":["GET"]}}],"collection":[{"href":"https:\/\/military-classic-auction.com\/en\/wp-json\/wp\/v2\/product"}],"about":[{"href":"https:\/\/military-classic-auction.com\/en\/wp-json\/wp\/v2\/types\/product"}],"wp:featuredmedia":[{"embeddable":true,"href":"https:\/\/military-classic-auction.com\/en\/wp-json\/wp\/v2\/media\/13890"}],"wp:attachment":[{"href":"https:\/\/military-classic-auction.com\/en\/wp-json\/wp\/v2\/media?parent=14306"}],"wp:term":[{"taxonomy":"product_brand","embeddable":true,"href":"https:\/\/military-classic-auction.com\/en\/wp-json\/wp\/v2\/product_brand?post=14306"},{"taxonomy":"product_cat","embeddable":true,"href":"https:\/\/military-classic-auction.com\/en\/wp-json\/wp\/v2\/product_cat?post=14306"},{"taxonomy":"product_tag","embeddable":true,"href":"https:\/\/military-classic-auction.com\/en\/wp-json\/wp\/v2\/product_tag?post=14306"}],"curies":[{"name":"wp","href":"https:\/\/api.w.org\/{rel}","templated":true}]}}