{"id":14303,"date":"2024-09-27T11:29:14","date_gmt":"2024-09-27T11:29:14","guid":{"rendered":"https:\/\/military-classic-auction.com\/?post_type=product&#038;p=14303"},"modified":"2024-09-27T11:29:14","modified_gmt":"2024-09-27T11:29:14","slug":"portrait-du-colonel-general-sepp-dietrich","status":"publish","type":"product","link":"https:\/\/military-classic-auction.com\/en\/product\/portrait-du-colonel-general-sepp-dietrich\/","title":{"rendered":"Portrait du Colonel G\u00e9n\u00e9ral Sepp Dietrich"},"content":{"rendered":"<p>Portrait du Colonel G\u00e9n\u00e9ral Sepp Dietrich<br \/>\nCommandant le 1er Panzer Korp &#8211; Waffen SS<br \/>\nDimension : 35,5cm x 22cm (environ) &#8211; \u00c9paisseur : 15mm<br \/>\n(En l&rsquo;\u00e9tat, usures, taches)<br \/>\n&#8211;<br \/>\nDimension : 13,9&Prime; x 8,6&Prime; (approximately) &#8211; Thickness : 0,59&Prime;<\/p>","protected":false},"excerpt":{"rendered":"<p>Portrait du Colonel G\u00e9n\u00e9ral Sepp Dietrich Commandant le 1er Panzer Korp &#8211; Waffen SS Dimension : 35,5cm x 22cm (environ) &#8211; \u00c9paisseur : 15mm (En l&rsquo;\u00e9tat, usures, taches) &#8211; Dimension : 13,9&Prime; x 8,6&Prime; (approximately) &#8211; Thickness : 0,59&Prime;<\/p>","protected":false},"featured_media":13879,"template":"","meta":[],"product_brand":[],"product_cat":[74],"product_tag":[],"class_list":{"0":"post-14303","1":"product","2":"type-product","3":"status-publish","4":"has-post-thumbnail","6":"product_cat-wartime-photos-collection","8":"first","9":"instock","10":"sold-individually","11":"purchasable","12":"product-type-auction"},"aioseo_notices":[],"_links":{"self":[{"href":"https:\/\/military-classic-auction.com\/en\/wp-json\/wp\/v2\/product\/14303","targetHints":{"allow":["GET"]}}],"collection":[{"href":"https:\/\/military-classic-auction.com\/en\/wp-json\/wp\/v2\/product"}],"about":[{"href":"https:\/\/military-classic-auction.com\/en\/wp-json\/wp\/v2\/types\/product"}],"wp:featuredmedia":[{"embeddable":true,"href":"https:\/\/military-classic-auction.com\/en\/wp-json\/wp\/v2\/media\/13879"}],"wp:attachment":[{"href":"https:\/\/military-classic-auction.com\/en\/wp-json\/wp\/v2\/media?parent=14303"}],"wp:term":[{"taxonomy":"product_brand","embeddable":true,"href":"https:\/\/military-classic-auction.com\/en\/wp-json\/wp\/v2\/product_brand?post=14303"},{"taxonomy":"product_cat","embeddable":true,"href":"https:\/\/military-classic-auction.com\/en\/wp-json\/wp\/v2\/product_cat?post=14303"},{"taxonomy":"product_tag","embeddable":true,"href":"https:\/\/military-classic-auction.com\/en\/wp-json\/wp\/v2\/product_tag?post=14303"}],"curies":[{"name":"wp","href":"https:\/\/api.w.org\/{rel}","templated":true}]}}