{"id":14295,"date":"2024-09-27T11:29:06","date_gmt":"2024-09-27T11:29:06","guid":{"rendered":"https:\/\/military-classic-auction.com\/?post_type=product&#038;p=14295"},"modified":"2024-09-27T11:29:07","modified_gmt":"2024-09-27T11:29:07","slug":"sniper-britannique-bataille-des-ardennes-1945","status":"publish","type":"product","link":"https:\/\/military-classic-auction.com\/en\/product\/sniper-britannique-bataille-des-ardennes-1945\/","title":{"rendered":"Sniper britannique &#8211; Bataille des Ardennes 1945"},"content":{"rendered":"<p>Sniper britannique &#8211; Bataille des Ardennes 1945<br \/>\nSoldats de la 6\u00e8me division a\u00e9roport\u00e9e portant des combinaisons blanches.<br \/>\nClich\u00e9 pris le 15 janvier 1945 par le sergent Hardy.<br \/>\nGrande dimension : 99,5cm x 49cm (environ) &#8211; \u00c9paisseur : 18mm<br \/>\n(En l&rsquo;\u00e9tat, usures, accrocs)<br \/>\n&#8211;<br \/>\nLarge dimension : 39,1&Prime; x 19,3&Prime; (approximately) &#8211; Thickness : 0,7&Prime;<\/p>","protected":false},"excerpt":{"rendered":"<p>Sniper britannique &#8211; Bataille des Ardennes 1945 Soldats de la 6\u00e8me division a\u00e9roport\u00e9e portant des combinaisons blanches. Clich\u00e9 pris le 15 janvier 1945 par le sergent Hardy. Grande dimension : 99,5cm x 49cm (environ) &#8211; \u00c9paisseur : 18mm (En l&rsquo;\u00e9tat, usures, accrocs) &#8211; Large dimension : 39,1&Prime; x 19,3&Prime; (approximately) &#8211; Thickness : 0,7&Prime;<\/p>","protected":false},"featured_media":13850,"template":"","meta":[],"product_brand":[],"product_cat":[74],"product_tag":[],"class_list":{"0":"post-14295","1":"product","2":"type-product","3":"status-publish","4":"has-post-thumbnail","6":"product_cat-wartime-photos-collection","8":"first","9":"instock","10":"sold-individually","11":"purchasable","12":"product-type-auction"},"aioseo_notices":[],"_links":{"self":[{"href":"https:\/\/military-classic-auction.com\/en\/wp-json\/wp\/v2\/product\/14295","targetHints":{"allow":["GET"]}}],"collection":[{"href":"https:\/\/military-classic-auction.com\/en\/wp-json\/wp\/v2\/product"}],"about":[{"href":"https:\/\/military-classic-auction.com\/en\/wp-json\/wp\/v2\/types\/product"}],"wp:featuredmedia":[{"embeddable":true,"href":"https:\/\/military-classic-auction.com\/en\/wp-json\/wp\/v2\/media\/13850"}],"wp:attachment":[{"href":"https:\/\/military-classic-auction.com\/en\/wp-json\/wp\/v2\/media?parent=14295"}],"wp:term":[{"taxonomy":"product_brand","embeddable":true,"href":"https:\/\/military-classic-auction.com\/en\/wp-json\/wp\/v2\/product_brand?post=14295"},{"taxonomy":"product_cat","embeddable":true,"href":"https:\/\/military-classic-auction.com\/en\/wp-json\/wp\/v2\/product_cat?post=14295"},{"taxonomy":"product_tag","embeddable":true,"href":"https:\/\/military-classic-auction.com\/en\/wp-json\/wp\/v2\/product_tag?post=14295"}],"curies":[{"name":"wp","href":"https:\/\/api.w.org\/{rel}","templated":true}]}}