{"id":14291,"date":"2024-09-27T11:29:04","date_gmt":"2024-09-27T11:29:04","guid":{"rendered":"https:\/\/military-classic-auction.com\/?post_type=product&#038;p=14291"},"modified":"2024-09-27T11:29:04","modified_gmt":"2024-09-27T11:29:04","slug":"messe-realisee-par-laumonier-joseph-p-kenny-6-janvier-1945","status":"publish","type":"product","link":"https:\/\/military-classic-auction.com\/en\/product\/messe-realisee-par-laumonier-joseph-p-kenny-6-janvier-1945\/","title":{"rendered":"Messe r\u00e9alis\u00e9e par l&rsquo;aum\u00f4nier Joseph P. Kenny &#8211; 6 janvier 1945"},"content":{"rendered":"<p>Messe r\u00e9alis\u00e9e par l&rsquo;aum\u00f4nier Joseph P. Kenny &#8211; 6 janvier 1945<br \/>\n508th PIR &#8211; 3\u00e8me bataillon<br \/>\nGrande dimension : 50cm x 33cm (environ) &#8211; \u00c9paisseur : 15mm<br \/>\n(En l&rsquo;\u00e9tat, usures, accrocs)<br \/>\n&#8211;<br \/>\nLarge dimension : 19,6&Prime; x 12,9&Prime; (approximately) &#8211; Thickness : 0,59&Prime;<\/p>","protected":false},"excerpt":{"rendered":"<p>Messe r\u00e9alis\u00e9e par l&rsquo;aum\u00f4nier Joseph P. Kenny &#8211; 6 janvier 1945 508th PIR &#8211; 3\u00e8me bataillon Grande dimension : 50cm x 33cm (environ) &#8211; \u00c9paisseur : 15mm (En l&rsquo;\u00e9tat, usures, accrocs) &#8211; Large dimension : 19,6&Prime; x 12,9&Prime; (approximately) &#8211; Thickness : 0,59&Prime;<\/p>","protected":false},"featured_media":13829,"template":"","meta":[],"product_brand":[],"product_cat":[74],"product_tag":[],"class_list":{"0":"post-14291","1":"product","2":"type-product","3":"status-publish","4":"has-post-thumbnail","6":"product_cat-wartime-photos-collection","8":"first","9":"instock","10":"sold-individually","11":"purchasable","12":"product-type-auction"},"aioseo_notices":[],"_links":{"self":[{"href":"https:\/\/military-classic-auction.com\/en\/wp-json\/wp\/v2\/product\/14291","targetHints":{"allow":["GET"]}}],"collection":[{"href":"https:\/\/military-classic-auction.com\/en\/wp-json\/wp\/v2\/product"}],"about":[{"href":"https:\/\/military-classic-auction.com\/en\/wp-json\/wp\/v2\/types\/product"}],"wp:featuredmedia":[{"embeddable":true,"href":"https:\/\/military-classic-auction.com\/en\/wp-json\/wp\/v2\/media\/13829"}],"wp:attachment":[{"href":"https:\/\/military-classic-auction.com\/en\/wp-json\/wp\/v2\/media?parent=14291"}],"wp:term":[{"taxonomy":"product_brand","embeddable":true,"href":"https:\/\/military-classic-auction.com\/en\/wp-json\/wp\/v2\/product_brand?post=14291"},{"taxonomy":"product_cat","embeddable":true,"href":"https:\/\/military-classic-auction.com\/en\/wp-json\/wp\/v2\/product_cat?post=14291"},{"taxonomy":"product_tag","embeddable":true,"href":"https:\/\/military-classic-auction.com\/en\/wp-json\/wp\/v2\/product_tag?post=14291"}],"curies":[{"name":"wp","href":"https:\/\/api.w.org\/{rel}","templated":true}]}}