{"id":14289,"date":"2024-09-27T11:29:02","date_gmt":"2024-09-27T11:29:02","guid":{"rendered":"https:\/\/military-classic-auction.com\/?post_type=product&#038;p=14289"},"modified":"2024-09-27T11:29:03","modified_gmt":"2024-09-27T11:29:03","slug":"gis-se-rechauffant-les-pieds-bataille-des-ardennes","status":"publish","type":"product","link":"https:\/\/military-classic-auction.com\/en\/product\/gis-se-rechauffant-les-pieds-bataille-des-ardennes\/","title":{"rendered":"Gi&rsquo;s se r\u00e9chauffant les pieds &#8211; Bataille des Ardennes"},"content":{"rendered":"<p>Gi&rsquo;s se r\u00e9chauffant les pieds &#8211; Bataille des Ardennes<br \/>\nGrande dimension : 50cm x 45cm (environ) &#8211; \u00c9paisseur : 15mm<br \/>\n(En l&rsquo;\u00e9tat, usures, accroc)<br \/>\n&#8211;<br \/>\nLarge dimension : 19,6&Prime; x 17,7&Prime; (approximately) &#8211; Thickness : 0,59&Prime;<\/p>","protected":false},"excerpt":{"rendered":"<p>Gi&rsquo;s se r\u00e9chauffant les pieds &#8211; Bataille des Ardennes Grande dimension : 50cm x 45cm (environ) &#8211; \u00c9paisseur : 15mm (En l&rsquo;\u00e9tat, usures, accroc) &#8211; Large dimension : 19,6&Prime; x 17,7&Prime; (approximately) &#8211; Thickness : 0,59&Prime;<\/p>","protected":false},"featured_media":13820,"template":"","meta":[],"product_brand":[],"product_cat":[74],"product_tag":[],"class_list":{"0":"post-14289","1":"product","2":"type-product","3":"status-publish","4":"has-post-thumbnail","6":"product_cat-wartime-photos-collection","8":"first","9":"instock","10":"sold-individually","11":"purchasable","12":"product-type-auction"},"aioseo_notices":[],"_links":{"self":[{"href":"https:\/\/military-classic-auction.com\/en\/wp-json\/wp\/v2\/product\/14289","targetHints":{"allow":["GET"]}}],"collection":[{"href":"https:\/\/military-classic-auction.com\/en\/wp-json\/wp\/v2\/product"}],"about":[{"href":"https:\/\/military-classic-auction.com\/en\/wp-json\/wp\/v2\/types\/product"}],"wp:featuredmedia":[{"embeddable":true,"href":"https:\/\/military-classic-auction.com\/en\/wp-json\/wp\/v2\/media\/13820"}],"wp:attachment":[{"href":"https:\/\/military-classic-auction.com\/en\/wp-json\/wp\/v2\/media?parent=14289"}],"wp:term":[{"taxonomy":"product_brand","embeddable":true,"href":"https:\/\/military-classic-auction.com\/en\/wp-json\/wp\/v2\/product_brand?post=14289"},{"taxonomy":"product_cat","embeddable":true,"href":"https:\/\/military-classic-auction.com\/en\/wp-json\/wp\/v2\/product_cat?post=14289"},{"taxonomy":"product_tag","embeddable":true,"href":"https:\/\/military-classic-auction.com\/en\/wp-json\/wp\/v2\/product_tag?post=14289"}],"curies":[{"name":"wp","href":"https:\/\/api.w.org\/{rel}","templated":true}]}}