{"id":14286,"date":"2024-09-27T11:28:56","date_gmt":"2024-09-27T11:28:56","guid":{"rendered":"https:\/\/military-classic-auction.com\/?post_type=product&#038;p=14286"},"modified":"2024-09-29T13:09:25","modified_gmt":"2024-09-29T11:09:25","slug":"fantassins-americains-courant-dans-un-champ-enneige-bataille-des-ardennes","status":"publish","type":"product","link":"https:\/\/military-classic-auction.com\/en\/product\/fantassins-americains-courant-dans-un-champ-enneige-bataille-des-ardennes\/","title":{"rendered":"Fantassins am\u00e9ricains courant dans un champ enneig\u00e9 &#8211; Bataille des Ardennes"},"content":{"rendered":"<p>Fantassins am\u00e9ricains courant dans un champ enneig\u00e9 &#8211; Bataille des Ardennes<br \/>\nDimension : 34,5cm x 25cm (environ) &#8211; \u00c9paisseur : 18mm<br \/>\n(En l&rsquo;\u00e9tat, usures, taches)<br \/>\n&#8211;<br \/>\nDimension : 13,5&Prime; x 9,8&Prime; (approximately) &#8211; Thickness : 0,7&Prime;<\/p>","protected":false},"excerpt":{"rendered":"<p>Fantassins am\u00e9ricains courant dans un champ enneig\u00e9 &#8211; Bataille des Ardennes Dimension : 34,5cm x 25cm (environ) &#8211; \u00c9paisseur : 18mm (En l&rsquo;\u00e9tat, usures, taches) &#8211; Dimension : 13,5&Prime; x 9,8&Prime; (approximately) &#8211; Thickness : 0,7&Prime;<\/p>","protected":false},"featured_media":13809,"template":"","meta":[],"product_brand":[],"product_cat":[74],"product_tag":[],"class_list":{"0":"post-14286","1":"product","2":"type-product","3":"status-publish","4":"has-post-thumbnail","6":"product_cat-wartime-photos-collection","8":"first","9":"instock","10":"sold-individually","11":"purchasable","12":"product-type-auction"},"aioseo_notices":[],"_links":{"self":[{"href":"https:\/\/military-classic-auction.com\/en\/wp-json\/wp\/v2\/product\/14286","targetHints":{"allow":["GET"]}}],"collection":[{"href":"https:\/\/military-classic-auction.com\/en\/wp-json\/wp\/v2\/product"}],"about":[{"href":"https:\/\/military-classic-auction.com\/en\/wp-json\/wp\/v2\/types\/product"}],"wp:featuredmedia":[{"embeddable":true,"href":"https:\/\/military-classic-auction.com\/en\/wp-json\/wp\/v2\/media\/13809"}],"wp:attachment":[{"href":"https:\/\/military-classic-auction.com\/en\/wp-json\/wp\/v2\/media?parent=14286"}],"wp:term":[{"taxonomy":"product_brand","embeddable":true,"href":"https:\/\/military-classic-auction.com\/en\/wp-json\/wp\/v2\/product_brand?post=14286"},{"taxonomy":"product_cat","embeddable":true,"href":"https:\/\/military-classic-auction.com\/en\/wp-json\/wp\/v2\/product_cat?post=14286"},{"taxonomy":"product_tag","embeddable":true,"href":"https:\/\/military-classic-auction.com\/en\/wp-json\/wp\/v2\/product_tag?post=14286"}],"curies":[{"name":"wp","href":"https:\/\/api.w.org\/{rel}","templated":true}]}}