{"id":14282,"date":"2024-09-27T11:28:54","date_gmt":"2024-09-27T11:28:54","guid":{"rendered":"https:\/\/military-classic-auction.com\/?post_type=product&#038;p=14282"},"modified":"2024-09-27T11:28:54","modified_gmt":"2024-09-27T11:28:54","slug":"convoi-americain-bataille-des-ardennes","status":"publish","type":"product","link":"https:\/\/military-classic-auction.com\/en\/product\/convoi-americain-bataille-des-ardennes\/","title":{"rendered":"Convoi am\u00e9ricain &#8211; Bataille des Ardennes"},"content":{"rendered":"<p>Convoi am\u00e9ricain &#8211; Bataille des Ardennes<br \/>\nAnnotation pr\u00e9sente.<br \/>\nOn y voit un Diamond T Model 968.<br \/>\nGrande dimension : 79,5cm x 45cm (environ) &#8211; \u00c9paisseur : 18mm<br \/>\n(En l&rsquo;\u00e9tat, usures, accrocs)<br \/>\n&#8211;<br \/>\nLarge dimension : 31,3&Prime; x 17,7&Prime; (approximately) &#8211; Thickness : 0,7&Prime;<\/p>","protected":false},"excerpt":{"rendered":"<p>Convoi am\u00e9ricain &#8211; Bataille des Ardennes Annotation pr\u00e9sente. On y voit un Diamond T Model 968. Grande dimension : 79,5cm x 45cm (environ) &#8211; \u00c9paisseur : 18mm (En l&rsquo;\u00e9tat, usures, accrocs) &#8211; Large dimension : 31,3&Prime; x 17,7&Prime; (approximately) &#8211; Thickness : 0,7&Prime;<\/p>","protected":false},"featured_media":13791,"template":"","meta":[],"product_brand":[],"product_cat":[74],"product_tag":[],"class_list":{"0":"post-14282","1":"product","2":"type-product","3":"status-publish","4":"has-post-thumbnail","6":"product_cat-wartime-photos-collection","8":"first","9":"instock","10":"sold-individually","11":"purchasable","12":"product-type-auction"},"aioseo_notices":[],"_links":{"self":[{"href":"https:\/\/military-classic-auction.com\/en\/wp-json\/wp\/v2\/product\/14282","targetHints":{"allow":["GET"]}}],"collection":[{"href":"https:\/\/military-classic-auction.com\/en\/wp-json\/wp\/v2\/product"}],"about":[{"href":"https:\/\/military-classic-auction.com\/en\/wp-json\/wp\/v2\/types\/product"}],"wp:featuredmedia":[{"embeddable":true,"href":"https:\/\/military-classic-auction.com\/en\/wp-json\/wp\/v2\/media\/13791"}],"wp:attachment":[{"href":"https:\/\/military-classic-auction.com\/en\/wp-json\/wp\/v2\/media?parent=14282"}],"wp:term":[{"taxonomy":"product_brand","embeddable":true,"href":"https:\/\/military-classic-auction.com\/en\/wp-json\/wp\/v2\/product_brand?post=14282"},{"taxonomy":"product_cat","embeddable":true,"href":"https:\/\/military-classic-auction.com\/en\/wp-json\/wp\/v2\/product_cat?post=14282"},{"taxonomy":"product_tag","embeddable":true,"href":"https:\/\/military-classic-auction.com\/en\/wp-json\/wp\/v2\/product_tag?post=14282"}],"curies":[{"name":"wp","href":"https:\/\/api.w.org\/{rel}","templated":true}]}}