{"id":14279,"date":"2024-09-27T11:28:52","date_gmt":"2024-09-27T11:28:52","guid":{"rendered":"https:\/\/military-classic-auction.com\/?post_type=product&#038;p=14279"},"modified":"2024-09-29T13:00:05","modified_gmt":"2024-09-29T11:00:05","slug":"medics-us-soignant-un-blesse-batailles-des-ardennes","status":"publish","type":"product","link":"https:\/\/military-classic-auction.com\/en\/product\/medics-us-soignant-un-blesse-batailles-des-ardennes\/","title":{"rendered":"M\u00e9dics US soignant un bless\u00e9 &#8211; Batailles des Ardennes"},"content":{"rendered":"<p>M\u00e9dics US soignant un bless\u00e9 &#8211; Batailles des Ardennes<br \/>\nGrande dimension : 49,5cm x 40cm (environ) &#8211; \u00c9paisseur : 15mm<br \/>\n(En l&rsquo;\u00e9tat, usures)<br \/>\n&#8211;<br \/>\nLarge dimension : 19,4&Prime; x 15,7&Prime; (approximately) &#8211; Thickness : 0,59&Prime;<\/p>","protected":false},"excerpt":{"rendered":"<p>M\u00e9dics US soignant un bless\u00e9 &#8211; Batailles des Ardennes Grande dimension : 49,5cm x 40cm (environ) &#8211; \u00c9paisseur : 15mm (En l&rsquo;\u00e9tat, usures) &#8211; Large dimension : 19,4&Prime; x 15,7&Prime; (approximately) &#8211; Thickness : 0,59&Prime;<\/p>","protected":false},"featured_media":13779,"template":"","meta":[],"product_brand":[],"product_cat":[74],"product_tag":[],"class_list":{"0":"post-14279","1":"product","2":"type-product","3":"status-publish","4":"has-post-thumbnail","6":"product_cat-wartime-photos-collection","8":"first","9":"instock","10":"sold-individually","11":"purchasable","12":"product-type-auction"},"aioseo_notices":[],"_links":{"self":[{"href":"https:\/\/military-classic-auction.com\/en\/wp-json\/wp\/v2\/product\/14279","targetHints":{"allow":["GET"]}}],"collection":[{"href":"https:\/\/military-classic-auction.com\/en\/wp-json\/wp\/v2\/product"}],"about":[{"href":"https:\/\/military-classic-auction.com\/en\/wp-json\/wp\/v2\/types\/product"}],"wp:featuredmedia":[{"embeddable":true,"href":"https:\/\/military-classic-auction.com\/en\/wp-json\/wp\/v2\/media\/13779"}],"wp:attachment":[{"href":"https:\/\/military-classic-auction.com\/en\/wp-json\/wp\/v2\/media?parent=14279"}],"wp:term":[{"taxonomy":"product_brand","embeddable":true,"href":"https:\/\/military-classic-auction.com\/en\/wp-json\/wp\/v2\/product_brand?post=14279"},{"taxonomy":"product_cat","embeddable":true,"href":"https:\/\/military-classic-auction.com\/en\/wp-json\/wp\/v2\/product_cat?post=14279"},{"taxonomy":"product_tag","embeddable":true,"href":"https:\/\/military-classic-auction.com\/en\/wp-json\/wp\/v2\/product_tag?post=14279"}],"curies":[{"name":"wp","href":"https:\/\/api.w.org\/{rel}","templated":true}]}}