{"id":14276,"date":"2024-09-27T11:28:44","date_gmt":"2024-09-27T11:28:44","guid":{"rendered":"https:\/\/military-classic-auction.com\/?post_type=product&#038;p=14276"},"modified":"2024-09-27T11:28:44","modified_gmt":"2024-09-27T11:28:44","slug":"soldat-du-signal-corps-devant-une-maison-en-feu-bataille-des-ardennes","status":"publish","type":"product","link":"https:\/\/military-classic-auction.com\/en\/product\/soldat-du-signal-corps-devant-une-maison-en-feu-bataille-des-ardennes\/","title":{"rendered":"Soldat du Signal Corps devant une maison en feu &#8211; Bataille des Ardennes"},"content":{"rendered":"<p>Soldat du Signal Corps devant une maison en feu &#8211; Bataille des Ardennes<br \/>\nClich\u00e9 pris \u00e0 Lomre (Belgique) &#8211; 19 janvier 1945<br \/>\nDimension : 34.5cm x 25cm (environ) &#8211; \u00c9paisseur : 18mm<br \/>\n(En l&rsquo;\u00e9tat, usures, taches)<br \/>\n&#8211;<br \/>\nDimension : 13,6&Prime; x 9,8&Prime; (approximately) &#8211; Thickness : 0,7&Prime;<\/p>","protected":false},"excerpt":{"rendered":"<p>Soldat du Signal Corps devant une maison en feu &#8211; Bataille des Ardennes Clich\u00e9 pris \u00e0 Lomre (Belgique) &#8211; 19 janvier 1945 Dimension : 34.5cm x 25cm (environ) &#8211; \u00c9paisseur : 18mm (En l&rsquo;\u00e9tat, usures, taches) &#8211; Dimension : 13,6&Prime; x 9,8&Prime; (approximately) &#8211; Thickness : 0,7&Prime;<\/p>","protected":false},"featured_media":13765,"template":"","meta":[],"product_brand":[],"product_cat":[74],"product_tag":[],"class_list":{"0":"post-14276","1":"product","2":"type-product","3":"status-publish","4":"has-post-thumbnail","6":"product_cat-wartime-photos-collection","8":"first","9":"instock","10":"sold-individually","11":"purchasable","12":"product-type-auction"},"aioseo_notices":[],"_links":{"self":[{"href":"https:\/\/military-classic-auction.com\/en\/wp-json\/wp\/v2\/product\/14276","targetHints":{"allow":["GET"]}}],"collection":[{"href":"https:\/\/military-classic-auction.com\/en\/wp-json\/wp\/v2\/product"}],"about":[{"href":"https:\/\/military-classic-auction.com\/en\/wp-json\/wp\/v2\/types\/product"}],"wp:featuredmedia":[{"embeddable":true,"href":"https:\/\/military-classic-auction.com\/en\/wp-json\/wp\/v2\/media\/13765"}],"wp:attachment":[{"href":"https:\/\/military-classic-auction.com\/en\/wp-json\/wp\/v2\/media?parent=14276"}],"wp:term":[{"taxonomy":"product_brand","embeddable":true,"href":"https:\/\/military-classic-auction.com\/en\/wp-json\/wp\/v2\/product_brand?post=14276"},{"taxonomy":"product_cat","embeddable":true,"href":"https:\/\/military-classic-auction.com\/en\/wp-json\/wp\/v2\/product_cat?post=14276"},{"taxonomy":"product_tag","embeddable":true,"href":"https:\/\/military-classic-auction.com\/en\/wp-json\/wp\/v2\/product_tag?post=14276"}],"curies":[{"name":"wp","href":"https:\/\/api.w.org\/{rel}","templated":true}]}}