{"id":14273,"date":"2024-09-27T11:28:42","date_gmt":"2024-09-27T11:28:42","guid":{"rendered":"https:\/\/military-classic-auction.com\/?post_type=product&#038;p=14273"},"modified":"2024-09-27T11:28:42","modified_gmt":"2024-09-27T11:28:42","slug":"soldats-americains-marchant-le-long-dun-bois-bataille-des-ardennes","status":"publish","type":"product","link":"https:\/\/military-classic-auction.com\/en\/product\/soldats-americains-marchant-le-long-dun-bois-bataille-des-ardennes\/","title":{"rendered":"Soldats am\u00e9ricains marchant le long d&rsquo;un bois &#8211; Bataille des Ardennes"},"content":{"rendered":"<p>Soldats am\u00e9ricains marchant le long d&rsquo;un bois &#8211; Bataille des Ardennes<br \/>\nDimension : 36cm x 21cm (environ) &#8211; \u00c9paisseur : 17mm<br \/>\n(En l&rsquo;\u00e9tat, usures, taches)<br \/>\n&#8211;<br \/>\nDimension : 14,1&Prime; x 8,2&Prime; (approximately) &#8211; Thickness : 0,66&Prime;<\/p>","protected":false},"excerpt":{"rendered":"<p>Soldats am\u00e9ricains marchant le long d&rsquo;un bois &#8211; Bataille des Ardennes Dimension : 36cm x 21cm (environ) &#8211; \u00c9paisseur : 17mm (En l&rsquo;\u00e9tat, usures, taches) &#8211; Dimension : 14,1&Prime; x 8,2&Prime; (approximately) &#8211; Thickness : 0,66&Prime;<\/p>","protected":false},"featured_media":13752,"template":"","meta":[],"product_brand":[],"product_cat":[74],"product_tag":[],"class_list":{"0":"post-14273","1":"product","2":"type-product","3":"status-publish","4":"has-post-thumbnail","6":"product_cat-wartime-photos-collection","8":"first","9":"instock","10":"sold-individually","11":"purchasable","12":"product-type-auction"},"aioseo_notices":[],"_links":{"self":[{"href":"https:\/\/military-classic-auction.com\/en\/wp-json\/wp\/v2\/product\/14273","targetHints":{"allow":["GET"]}}],"collection":[{"href":"https:\/\/military-classic-auction.com\/en\/wp-json\/wp\/v2\/product"}],"about":[{"href":"https:\/\/military-classic-auction.com\/en\/wp-json\/wp\/v2\/types\/product"}],"wp:featuredmedia":[{"embeddable":true,"href":"https:\/\/military-classic-auction.com\/en\/wp-json\/wp\/v2\/media\/13752"}],"wp:attachment":[{"href":"https:\/\/military-classic-auction.com\/en\/wp-json\/wp\/v2\/media?parent=14273"}],"wp:term":[{"taxonomy":"product_brand","embeddable":true,"href":"https:\/\/military-classic-auction.com\/en\/wp-json\/wp\/v2\/product_brand?post=14273"},{"taxonomy":"product_cat","embeddable":true,"href":"https:\/\/military-classic-auction.com\/en\/wp-json\/wp\/v2\/product_cat?post=14273"},{"taxonomy":"product_tag","embeddable":true,"href":"https:\/\/military-classic-auction.com\/en\/wp-json\/wp\/v2\/product_tag?post=14273"}],"curies":[{"name":"wp","href":"https:\/\/api.w.org\/{rel}","templated":true}]}}