{"id":14271,"date":"2024-09-27T11:28:40","date_gmt":"2024-09-27T11:28:40","guid":{"rendered":"https:\/\/military-classic-auction.com\/?post_type=product&#038;p=14271"},"modified":"2024-09-29T12:58:26","modified_gmt":"2024-09-29T10:58:26","slug":"soldats-americains-en-tenue-camouflee-bataille-des-ardennes","status":"publish","type":"product","link":"https:\/\/military-classic-auction.com\/en\/product\/soldats-americains-en-tenue-camouflee-bataille-des-ardennes\/","title":{"rendered":"Soldats am\u00e9ricains en tenue camoufl\u00e9e &#8211; Bataille des Ardennes"},"content":{"rendered":"<p>Soldats am\u00e9ricains en tenue camoufl\u00e9e &#8211; Bataille des Ardennes<br \/>\nLieu : proximit\u00e9 d&rsquo;Iveldingen (Belgique)<br \/>\nGrande dimension : 80cm x 62cm (environ) &#8211; \u00c9paisseur : 18mm<br \/>\n(En l&rsquo;\u00e9tat, usures, accidents, manque)<br \/>\n&#8211;<br \/>\nLarge dimension : 31,5&Prime; x 24,4&Prime; (approximately) &#8211; Thickness : 0,7&Prime;<\/p>","protected":false},"excerpt":{"rendered":"<p>Soldats am\u00e9ricains en tenue camoufl\u00e9e &#8211; Bataille des Ardennes Lieu : proximit\u00e9 d&rsquo;Iveldingen (Belgique) Grande dimension : 80cm x 62cm (environ) &#8211; \u00c9paisseur : 18mm (En l&rsquo;\u00e9tat, usures, accidents, manque) &#8211; Large dimension : 31,5&Prime; x 24,4&Prime; (approximately) &#8211; Thickness : 0,7&Prime;<\/p>","protected":false},"featured_media":13745,"template":"","meta":[],"product_brand":[],"product_cat":[74],"product_tag":[],"class_list":{"0":"post-14271","1":"product","2":"type-product","3":"status-publish","4":"has-post-thumbnail","6":"product_cat-wartime-photos-collection","8":"first","9":"instock","10":"sold-individually","11":"purchasable","12":"product-type-auction"},"aioseo_notices":[],"_links":{"self":[{"href":"https:\/\/military-classic-auction.com\/en\/wp-json\/wp\/v2\/product\/14271","targetHints":{"allow":["GET"]}}],"collection":[{"href":"https:\/\/military-classic-auction.com\/en\/wp-json\/wp\/v2\/product"}],"about":[{"href":"https:\/\/military-classic-auction.com\/en\/wp-json\/wp\/v2\/types\/product"}],"wp:featuredmedia":[{"embeddable":true,"href":"https:\/\/military-classic-auction.com\/en\/wp-json\/wp\/v2\/media\/13745"}],"wp:attachment":[{"href":"https:\/\/military-classic-auction.com\/en\/wp-json\/wp\/v2\/media?parent=14271"}],"wp:term":[{"taxonomy":"product_brand","embeddable":true,"href":"https:\/\/military-classic-auction.com\/en\/wp-json\/wp\/v2\/product_brand?post=14271"},{"taxonomy":"product_cat","embeddable":true,"href":"https:\/\/military-classic-auction.com\/en\/wp-json\/wp\/v2\/product_cat?post=14271"},{"taxonomy":"product_tag","embeddable":true,"href":"https:\/\/military-classic-auction.com\/en\/wp-json\/wp\/v2\/product_tag?post=14271"}],"curies":[{"name":"wp","href":"https:\/\/api.w.org\/{rel}","templated":true}]}}