{"id":14266,"date":"2024-09-27T11:28:35","date_gmt":"2024-09-27T11:28:35","guid":{"rendered":"https:\/\/military-classic-auction.com\/?post_type=product&#038;p=14266"},"modified":"2024-09-27T11:28:35","modified_gmt":"2024-09-27T11:28:35","slug":"portrait-de-lofficier-superieur-matthieu-b-ridgway","status":"publish","type":"product","link":"https:\/\/military-classic-auction.com\/en\/product\/portrait-de-lofficier-superieur-matthieu-b-ridgway\/","title":{"rendered":"Portrait de l&rsquo;officier sup\u00e9rieur Matthieu B. Ridgway"},"content":{"rendered":"<p>Portrait de l&rsquo;officier sup\u00e9rieur Matthieu B. Ridgway<br \/>\n(3 mars 1895 &#8211; 26 juillet 1993)<br \/>\nIl a occup\u00e9 plusieurs commandements majeurs durant la Seconde Guerre mondiale.<br \/>\nDimension : 36cm x 24cm (environ) &#8211; \u00c9paisseur : 15mm<br \/>\n(En l&rsquo;\u00e9tat, usures)<br \/>\n&#8211;<br \/>\nDimension : 14,1&Prime; x 9,4&Prime; (approximately) &#8211; Thickness : 0,59&Prime;<\/p>","protected":false},"excerpt":{"rendered":"<p>Portrait de l&rsquo;officier sup\u00e9rieur Matthieu B. Ridgway (3 mars 1895 &#8211; 26 juillet 1993) Il a occup\u00e9 plusieurs commandements majeurs durant la Seconde Guerre mondiale. Dimension : 36cm x 24cm (environ) &#8211; \u00c9paisseur : 15mm (En l&rsquo;\u00e9tat, usures) &#8211; Dimension : 14,1&Prime; x 9,4&Prime; (approximately) &#8211; Thickness : 0,59&Prime;<\/p>","protected":false},"featured_media":13725,"template":"","meta":[],"product_brand":[],"product_cat":[74],"product_tag":[],"class_list":{"0":"post-14266","1":"product","2":"type-product","3":"status-publish","4":"has-post-thumbnail","6":"product_cat-wartime-photos-collection","8":"first","9":"instock","10":"sold-individually","11":"purchasable","12":"product-type-auction"},"aioseo_notices":[],"_links":{"self":[{"href":"https:\/\/military-classic-auction.com\/en\/wp-json\/wp\/v2\/product\/14266","targetHints":{"allow":["GET"]}}],"collection":[{"href":"https:\/\/military-classic-auction.com\/en\/wp-json\/wp\/v2\/product"}],"about":[{"href":"https:\/\/military-classic-auction.com\/en\/wp-json\/wp\/v2\/types\/product"}],"wp:featuredmedia":[{"embeddable":true,"href":"https:\/\/military-classic-auction.com\/en\/wp-json\/wp\/v2\/media\/13725"}],"wp:attachment":[{"href":"https:\/\/military-classic-auction.com\/en\/wp-json\/wp\/v2\/media?parent=14266"}],"wp:term":[{"taxonomy":"product_brand","embeddable":true,"href":"https:\/\/military-classic-auction.com\/en\/wp-json\/wp\/v2\/product_brand?post=14266"},{"taxonomy":"product_cat","embeddable":true,"href":"https:\/\/military-classic-auction.com\/en\/wp-json\/wp\/v2\/product_cat?post=14266"},{"taxonomy":"product_tag","embeddable":true,"href":"https:\/\/military-classic-auction.com\/en\/wp-json\/wp\/v2\/product_tag?post=14266"}],"curies":[{"name":"wp","href":"https:\/\/api.w.org\/{rel}","templated":true}]}}