{"id":14265,"date":"2024-09-27T11:28:34","date_gmt":"2024-09-27T11:28:34","guid":{"rendered":"https:\/\/military-classic-auction.com\/?post_type=product&#038;p=14265"},"modified":"2024-09-27T11:28:35","modified_gmt":"2024-09-27T11:28:35","slug":"le-general-montgomery-matthew-b-ridgway-bataille-des-ardennes","status":"publish","type":"product","link":"https:\/\/military-classic-auction.com\/en\/product\/le-general-montgomery-matthew-b-ridgway-bataille-des-ardennes\/","title":{"rendered":"Le G\u00e9n\u00e9ral Montgomery &#038; Matthew B. Ridgway &#8211; Bataille des Ardennes"},"content":{"rendered":"<p>Le G\u00e9n\u00e9ral Montgomery &#038; Matthew B. Ridgway &#8211; Bataille des Ardennes<br \/>\nDimension : 35,5cm x 24cm (environ) &#8211; \u00c9paisseur : 15mm<br \/>\n(En l&rsquo;\u00e9tat, usures, taches)<br \/>\n&#8211;<br \/>\nDimension : 13,9&Prime; x 9,4&Prime; (approximately) &#8211; Thickness : 0,59&Prime;<\/p>","protected":false},"excerpt":{"rendered":"<p>Le G\u00e9n\u00e9ral Montgomery &#038; Matthew B. Ridgway &#8211; Bataille des Ardennes Dimension : 35,5cm x 24cm (environ) &#8211; \u00c9paisseur : 15mm (En l&rsquo;\u00e9tat, usures, taches) &#8211; Dimension : 13,9&Prime; x 9,4&Prime; (approximately) &#8211; Thickness : 0,59&Prime;<\/p>","protected":false},"featured_media":13721,"template":"","meta":[],"product_brand":[],"product_cat":[74],"product_tag":[],"class_list":{"0":"post-14265","1":"product","2":"type-product","3":"status-publish","4":"has-post-thumbnail","6":"product_cat-wartime-photos-collection","8":"first","9":"instock","10":"sold-individually","11":"purchasable","12":"product-type-auction"},"aioseo_notices":[],"_links":{"self":[{"href":"https:\/\/military-classic-auction.com\/en\/wp-json\/wp\/v2\/product\/14265","targetHints":{"allow":["GET"]}}],"collection":[{"href":"https:\/\/military-classic-auction.com\/en\/wp-json\/wp\/v2\/product"}],"about":[{"href":"https:\/\/military-classic-auction.com\/en\/wp-json\/wp\/v2\/types\/product"}],"wp:featuredmedia":[{"embeddable":true,"href":"https:\/\/military-classic-auction.com\/en\/wp-json\/wp\/v2\/media\/13721"}],"wp:attachment":[{"href":"https:\/\/military-classic-auction.com\/en\/wp-json\/wp\/v2\/media?parent=14265"}],"wp:term":[{"taxonomy":"product_brand","embeddable":true,"href":"https:\/\/military-classic-auction.com\/en\/wp-json\/wp\/v2\/product_brand?post=14265"},{"taxonomy":"product_cat","embeddable":true,"href":"https:\/\/military-classic-auction.com\/en\/wp-json\/wp\/v2\/product_cat?post=14265"},{"taxonomy":"product_tag","embeddable":true,"href":"https:\/\/military-classic-auction.com\/en\/wp-json\/wp\/v2\/product_tag?post=14265"}],"curies":[{"name":"wp","href":"https:\/\/api.w.org\/{rel}","templated":true}]}}