{"id":14261,"date":"2024-09-27T11:28:32","date_gmt":"2024-09-27T11:28:32","guid":{"rendered":"https:\/\/military-classic-auction.com\/?post_type=product&#038;p=14261"},"modified":"2024-09-27T11:28:32","modified_gmt":"2024-09-27T11:28:32","slug":"reparation-des-toits-apres-les-bombardements","status":"publish","type":"product","link":"https:\/\/military-classic-auction.com\/en\/product\/reparation-des-toits-apres-les-bombardements\/","title":{"rendered":"R\u00e9paration des toits apr\u00e8s les bombardements"},"content":{"rendered":"<p>R\u00e9paration des toits apr\u00e8s les bombardements<br \/>\nGrande dimension : 59,5cm x 49,5cm (environ) &#8211; \u00c9paisseur : 19mm<br \/>\n(En l&rsquo;\u00e9tat, usures, manques, accrocs)<br \/>\n&#8211;<br \/>\nLarge dimension : 23,4&Prime; x 19,4&Prime; (approximately) &#8211; Thickness : 0,74&Prime;<\/p>","protected":false},"excerpt":{"rendered":"<p>R\u00e9paration des toits apr\u00e8s les bombardements Grande dimension : 59,5cm x 49,5cm (environ) &#8211; \u00c9paisseur : 19mm (En l&rsquo;\u00e9tat, usures, manques, accrocs) &#8211; Large dimension : 23,4&Prime; x 19,4&Prime; (approximately) &#8211; Thickness : 0,74&Prime;<\/p>","protected":false},"featured_media":13708,"template":"","meta":[],"product_brand":[],"product_cat":[74],"product_tag":[],"class_list":{"0":"post-14261","1":"product","2":"type-product","3":"status-publish","4":"has-post-thumbnail","6":"product_cat-wartime-photos-collection","8":"first","9":"instock","10":"sold-individually","11":"purchasable","12":"product-type-auction"},"aioseo_notices":[],"_links":{"self":[{"href":"https:\/\/military-classic-auction.com\/en\/wp-json\/wp\/v2\/product\/14261","targetHints":{"allow":["GET"]}}],"collection":[{"href":"https:\/\/military-classic-auction.com\/en\/wp-json\/wp\/v2\/product"}],"about":[{"href":"https:\/\/military-classic-auction.com\/en\/wp-json\/wp\/v2\/types\/product"}],"wp:featuredmedia":[{"embeddable":true,"href":"https:\/\/military-classic-auction.com\/en\/wp-json\/wp\/v2\/media\/13708"}],"wp:attachment":[{"href":"https:\/\/military-classic-auction.com\/en\/wp-json\/wp\/v2\/media?parent=14261"}],"wp:term":[{"taxonomy":"product_brand","embeddable":true,"href":"https:\/\/military-classic-auction.com\/en\/wp-json\/wp\/v2\/product_brand?post=14261"},{"taxonomy":"product_cat","embeddable":true,"href":"https:\/\/military-classic-auction.com\/en\/wp-json\/wp\/v2\/product_cat?post=14261"},{"taxonomy":"product_tag","embeddable":true,"href":"https:\/\/military-classic-auction.com\/en\/wp-json\/wp\/v2\/product_tag?post=14261"}],"curies":[{"name":"wp","href":"https:\/\/api.w.org\/{rel}","templated":true}]}}