{"id":14258,"date":"2024-09-27T11:28:29","date_gmt":"2024-09-27T11:28:29","guid":{"rendered":"https:\/\/military-classic-auction.com\/?post_type=product&#038;p=14258"},"modified":"2024-09-27T11:28:30","modified_gmt":"2024-09-27T11:28:30","slug":"materiel-equipements-divers-abandonnes-apres-les-combats","status":"publish","type":"product","link":"https:\/\/military-classic-auction.com\/en\/product\/materiel-equipements-divers-abandonnes-apres-les-combats\/","title":{"rendered":"Mat\u00e9riel &#038; \u00e9quipements divers abandonn\u00e9s apr\u00e8s les combats"},"content":{"rendered":"<p>Mat\u00e9riel &#038; \u00e9quipements divers abandonn\u00e9s apr\u00e8s les combats<br \/>\nDimension : 36,5cm x 28cm (environ) &#8211; \u00c9paisseur : 15mm<br \/>\n(En l&rsquo;\u00e9tat, usures)<br \/>\n&#8211;<br \/>\nDimension : 14,3&Prime; x 11&Prime; (approximately) &#8211; Thickness : 0,59&Prime;<\/p>","protected":false},"excerpt":{"rendered":"<p>Mat\u00e9riel &#038; \u00e9quipements divers abandonn\u00e9s apr\u00e8s les combats Dimension : 36,5cm x 28cm (environ) &#8211; \u00c9paisseur : 15mm (En l&rsquo;\u00e9tat, usures) &#8211; Dimension : 14,3&Prime; x 11&Prime; (approximately) &#8211; Thickness : 0,59&Prime;<\/p>","protected":false},"featured_media":13695,"template":"","meta":[],"product_brand":[],"product_cat":[74],"product_tag":[],"class_list":{"0":"post-14258","1":"product","2":"type-product","3":"status-publish","4":"has-post-thumbnail","6":"product_cat-wartime-photos-collection","8":"first","9":"instock","10":"sold-individually","11":"purchasable","12":"product-type-auction"},"aioseo_notices":[],"_links":{"self":[{"href":"https:\/\/military-classic-auction.com\/en\/wp-json\/wp\/v2\/product\/14258","targetHints":{"allow":["GET"]}}],"collection":[{"href":"https:\/\/military-classic-auction.com\/en\/wp-json\/wp\/v2\/product"}],"about":[{"href":"https:\/\/military-classic-auction.com\/en\/wp-json\/wp\/v2\/types\/product"}],"wp:featuredmedia":[{"embeddable":true,"href":"https:\/\/military-classic-auction.com\/en\/wp-json\/wp\/v2\/media\/13695"}],"wp:attachment":[{"href":"https:\/\/military-classic-auction.com\/en\/wp-json\/wp\/v2\/media?parent=14258"}],"wp:term":[{"taxonomy":"product_brand","embeddable":true,"href":"https:\/\/military-classic-auction.com\/en\/wp-json\/wp\/v2\/product_brand?post=14258"},{"taxonomy":"product_cat","embeddable":true,"href":"https:\/\/military-classic-auction.com\/en\/wp-json\/wp\/v2\/product_cat?post=14258"},{"taxonomy":"product_tag","embeddable":true,"href":"https:\/\/military-classic-auction.com\/en\/wp-json\/wp\/v2\/product_tag?post=14258"}],"curies":[{"name":"wp","href":"https:\/\/api.w.org\/{rel}","templated":true}]}}